{"id":8903,"date":"2023-06-06T02:15:54","date_gmt":"2023-06-06T02:15:54","guid":{"rendered":"https:\/\/specimensante.ca\/carrieres\/"},"modified":"2023-06-28T01:29:39","modified_gmt":"2023-06-28T01:29:39","slug":"careers","status":"publish","type":"page","link":"https:\/\/www.specimensante.ca\/en\/careers\/","title":{"rendered":"CAREERS"},"content":{"rendered":"\t\t<div data-elementor-type=\"wp-page\" data-elementor-id=\"8903\" class=\"elementor elementor-8903 elementor-5010\">\n\t\t\t\t\t\t<section class=\" elementor-section elementor-top-section elementor-element elementor-element-c13a47e alpha-section-stretched elementor-section-boxed elementor-section-height-default elementor-section-height-default\" data-id=\"c13a47e\" data-element_type=\"section\" data-settings=\"{&quot;background_background&quot;:&quot;classic&quot;}\">\r\n\t\t\t\t\t\t\t\t<div class=\"elementor-container elementor-column-gap-default\">\r\n\t\t\t\t\r\n\t\t\t\t\t\t\t\t<div class=\" elementor-column elementor-col-100 elementor-top-column elementor-element elementor-element-9c83920 \" data-id=\"9c83920\" data-element_type=\"column\">\r\n\r\n\t\t\t\t\r\n\t\t\t\t<div class=\"elementor-widget-wrap elementor-element-populated\">\r\n\t\t\t\t\t\t\t\t\t\t\r\n\t\t\t\t\t\t<div class=\"elementor-element elementor-element-90cf09a elementor-widget elementor-widget-text-editor\" data-id=\"90cf09a\" data-element_type=\"widget\" data-widget_type=\"text-editor.default\">\n\t\t\t\t<div class=\"elementor-widget-container\">\n\t\t\t<style>\/*! elementor - v3.23.0 - 15-07-2024 *\/\n.elementor-widget-text-editor.elementor-drop-cap-view-stacked .elementor-drop-cap{background-color:#69727d;color:#fff}.elementor-widget-text-editor.elementor-drop-cap-view-framed .elementor-drop-cap{color:#69727d;border:3px solid;background-color:transparent}.elementor-widget-text-editor:not(.elementor-drop-cap-view-default) .elementor-drop-cap{margin-top:8px}.elementor-widget-text-editor:not(.elementor-drop-cap-view-default) .elementor-drop-cap-letter{width:1em;height:1em}.elementor-widget-text-editor .elementor-drop-cap{float:left;text-align:center;line-height:1;font-size:50px}.elementor-widget-text-editor .elementor-drop-cap-letter{display:inline-block}<\/style>\t\t\t\t<p style=\"text-align: center;\">CAREER<\/p>\t\t\t\t\t\t<\/div>\n\t\t\t\t<\/div>\n\t\t\t\t\t\t<\/div>\r\n\t\t\t\t<\/div>\r\n\t\t\t\t\t\t\t\t<\/div>\r\n\t\t\t<\/section>\r\n\t\t\t\t\t<section class=\" elementor-section elementor-top-section elementor-element elementor-element-ea1655b elementor-section-boxed elementor-section-height-default elementor-section-height-default\" data-id=\"ea1655b\" data-element_type=\"section\">\r\n\t\t\t\t\t\t\t\t<div class=\"elementor-container elementor-column-gap-default\">\r\n\t\t\t\t\r\n\t\t\t\t\t\t\t\t<div class=\" elementor-column elementor-col-100 elementor-top-column elementor-element elementor-element-a35b131 \" data-id=\"a35b131\" data-element_type=\"column\">\r\n\r\n\t\t\t\t\r\n\t\t\t\t<div class=\"elementor-widget-wrap elementor-element-populated\">\r\n\t\t\t\t\t\t\t\t\t\t\r\n\t\t\t\t\t\t<div class=\"elementor-element elementor-element-07c6104 elementor-widget elementor-widget-text-editor\" data-id=\"07c6104\" data-element_type=\"widget\" data-widget_type=\"text-editor.default\">\n\t\t\t\t<div class=\"elementor-widget-container\">\n\t\t\t\t\t\t\t<p>Are you passionate about healthcare and want to make a difference in the lives of our customers? \u00a0 Join our team specialized in blood sampling. \u00a0 We offer a rewarding career opportunity in a dynamic environment. \u00a0 Discover the different positions available and contribute to the accomplishment of our MISSION in order to offer a superior quality service.\u00a0<\/p>\t\t\t\t\t\t<\/div>\n\t\t\t\t<\/div>\n\t\t\t\t\t\t<\/div>\r\n\t\t\t\t<\/div>\r\n\t\t\t\t\t\t\t\t<\/div>\r\n\t\t\t<\/section>\r\n\t\t\t\t\t<section class=\" elementor-section elementor-top-section elementor-element elementor-element-d507f91 elementor-section-boxed elementor-section-height-default elementor-section-height-default\" data-id=\"d507f91\" data-element_type=\"section\" data-settings=\"{&quot;background_background&quot;:&quot;classic&quot;}\">\r\n\t\t\t\t\t\t\t\t<div class=\"elementor-container elementor-column-gap-default\">\r\n\t\t\t\t\r\n\t\t\t\t\t\t\t\t<div class=\" elementor-column elementor-col-100 elementor-top-column elementor-element elementor-element-c07d296 \" data-id=\"c07d296\" data-element_type=\"column\">\r\n\r\n\t\t\t\t\r\n\t\t\t\t<div class=\"elementor-widget-wrap elementor-element-populated\">\r\n\t\t\t\t\t\t\t\t\t\t\r\n\t\t\t\t\t\t<div class=\"elementor-element elementor-element-5f0bd36 elementor-widget elementor-widget-text-editor\" data-id=\"5f0bd36\" data-element_type=\"widget\" data-widget_type=\"text-editor.default\">\n\t\t\t\t<div class=\"elementor-widget-container\">\n\t\t\t\t\t\t\t<p>Positions available<\/p>\t\t\t\t\t\t<\/div>\n\t\t\t\t<\/div>\n\t\t\t\t\t\t<\/div>\r\n\t\t\t\t<\/div>\r\n\t\t\t\t\t\t\t\t<\/div>\r\n\t\t\t<\/section>\r\n\t\t\t\t\t<section class=\" elementor-section elementor-top-section elementor-element elementor-element-37db70c elementor-section-boxed elementor-section-height-default elementor-section-height-default\" data-id=\"37db70c\" data-element_type=\"section\">\r\n\t\t\t\t\t\t\t\t<div class=\"elementor-container elementor-column-gap-default\">\r\n\t\t\t\t\r\n\t\t\t\t\t\t\t\t<div class=\" elementor-column elementor-col-100 elementor-top-column elementor-element elementor-element-b50fc7d \" data-id=\"b50fc7d\" data-element_type=\"column\">\r\n\r\n\t\t\t\t\r\n\t\t\t\t<div class=\"elementor-widget-wrap elementor-element-populated\">\r\n\t\t\t\t\t\t\t\t\t\t\r\n\t\t\t\t\t\t<div class=\"elementor-element elementor-element-89f07f6 elementor-widget elementor-widget-text-editor\" data-id=\"89f07f6\" data-element_type=\"widget\" data-widget_type=\"text-editor.default\">\n\t\t\t\t<div class=\"elementor-widget-container\">\n\t\t\t\t\t\t\t<p style=\"text-align: center;\">Postes \u00e0 ajouter<\/p>\t\t\t\t\t\t<\/div>\n\t\t\t\t<\/div>\n\t\t\t\t\t\t<\/div>\r\n\t\t\t\t<\/div>\r\n\t\t\t\t\t\t\t\t<\/div>\r\n\t\t\t<\/section>\r\n\t\t\t\t\t<section class=\" elementor-section elementor-top-section elementor-element elementor-element-816add4 elementor-section-boxed elementor-section-height-default elementor-section-height-default\" data-id=\"816add4\" data-element_type=\"section\" data-settings=\"{&quot;background_background&quot;:&quot;classic&quot;}\">\r\n\t\t\t\t\t\t\t\t<div class=\"elementor-container elementor-column-gap-default\">\r\n\t\t\t\t\r\n\t\t\t\t\t\t\t\t<div class=\" elementor-column elementor-col-100 elementor-top-column elementor-element elementor-element-6b086c3 \" data-id=\"6b086c3\" data-element_type=\"column\">\r\n\r\n\t\t\t\t\r\n\t\t\t\t<div class=\"elementor-widget-wrap elementor-element-populated\">\r\n\t\t\t\t\t\t\t\t\t\t\r\n\t\t\t\t\t\t<div class=\"elementor-element elementor-element-794c092 elementor-widget elementor-widget-text-editor\" data-id=\"794c092\" data-element_type=\"widget\" data-widget_type=\"text-editor.default\">\n\t\t\t\t<div class=\"elementor-widget-container\">\n\t\t\t\t\t\t\t<p style=\"text-align: center;\">SEND my APPLICATION<\/p>\t\t\t\t\t\t<\/div>\n\t\t\t\t<\/div>\n\t\t\t\t\t\t<\/div>\r\n\t\t\t\t<\/div>\r\n\t\t\t\t\t\t\t\t<\/div>\r\n\t\t\t<\/section>\r\n\t\t\t\t\t<section class=\" elementor-section elementor-top-section elementor-element elementor-element-ce14c20 elementor-section-boxed elementor-section-height-default elementor-section-height-default\" data-id=\"ce14c20\" data-element_type=\"section\">\r\n\t\t\t\t\t\t\t\t<div class=\"elementor-container elementor-column-gap-default\">\r\n\t\t\t\t\r\n\t\t\t\t\t\t\t\t<div class=\" elementor-column elementor-col-50 elementor-top-column elementor-element elementor-element-0e1c0e0 \" data-id=\"0e1c0e0\" data-element_type=\"column\">\r\n\r\n\t\t\t\t\r\n\t\t\t\t<div class=\"elementor-widget-wrap\">\r\n\t\t\t\t\t\t\t\t\t\t\r\n\t\t\t\t\t\t\t\t<\/div>\r\n\t\t\t\t<\/div>\r\n\t\t\t\t\t\t\t\t\t<div class=\" elementor-column elementor-col-50 elementor-top-column elementor-element elementor-element-fe37055 \" data-id=\"fe37055\" data-element_type=\"column\">\r\n\r\n\t\t\t\t\r\n\t\t\t\t<div class=\"elementor-widget-wrap elementor-element-populated\">\r\n\t\t\t\t\t\t\t\t\t\t\r\n\t\t\t\t\t\t<div class=\"elementor-element elementor-element-9de9622 elementor-widget elementor-widget-image\" data-id=\"9de9622\" data-element_type=\"widget\" data-widget_type=\"image.default\">\n\t\t\t\t<div class=\"elementor-widget-container\">\n\t\t\t<style>\/*! elementor - v3.23.0 - 15-07-2024 *\/\n.elementor-widget-image{text-align:center}.elementor-widget-image a{display:inline-block}.elementor-widget-image a img[src$=\".svg\"]{width:48px}.elementor-widget-image img{vertical-align:middle;display:inline-block}<\/style>\t\t\t\t\t\t\t\t\t\t<img decoding=\"async\" src=\"https:\/\/specimensante.ca\/wp-content\/uploads\/2023\/06\/carriere.jpg\" title=\"\" alt=\"\" loading=\"lazy\" \/>\t\t\t\t\t\t\t\t\t\t\t\t\t<\/div>\n\t\t\t\t<\/div>\n\t\t\t\t\t\t<\/div>\r\n\t\t\t\t<\/div>\r\n\t\t\t\t\t\t\t\t<\/div>\r\n\t\t\t<\/section>\r\n\t\t\t\t\t<\/div>\n\t\t","protected":false},"excerpt":{"rendered":"<p>CAREER Are you passionate about healthcare and want to make a difference in the lives of our customers? \u00a0 Join our team specialized in blood sampling. \u00a0 We offer a rewarding career opportunity in a dynamic environment. \u00a0 Discover the different positions available and contribute to the accomplishment of our MISSION in order to offer [&hellip;]<\/p>\n","protected":false},"author":1,"featured_media":0,"parent":0,"menu_order":0,"comment_status":"closed","ping_status":"closed","template":"","meta":{"om_disable_all_campaigns":false,"_monsterinsights_skip_tracking":false,"_monsterinsights_sitenote_active":false,"_monsterinsights_sitenote_note":"","_monsterinsights_sitenote_category":0,"footnotes":""},"class_list":["post-8903","page","type-page","status-publish","hentry"],"yoast_head":"<!-- This site is optimized with the Yoast SEO plugin v24.7 - https:\/\/yoast.com\/wordpress\/plugins\/seo\/ -->\n<title>CAREERS - Sp\u00e9cimen Sant\u00e9<\/title>\n<meta name=\"robots\" content=\"index, follow, max-snippet:-1, max-image-preview:large, max-video-preview:-1\" \/>\n<link rel=\"canonical\" href=\"https:\/\/www.specimensante.ca\/en\/careers\/\" \/>\n<meta property=\"og:locale\" content=\"en_US\" \/>\n<meta property=\"og:type\" content=\"article\" \/>\n<meta property=\"og:title\" content=\"CAREERS - Sp\u00e9cimen Sant\u00e9\" \/>\n<meta property=\"og:description\" content=\"CAREER Are you passionate about healthcare and want to make a difference in the lives of our customers? \u00a0 Join our team specialized in blood sampling. \u00a0 We offer a rewarding career opportunity in a dynamic environment. \u00a0 Discover the different positions available and contribute to the accomplishment of our MISSION in order to offer [&hellip;]\" \/>\n<meta property=\"og:url\" content=\"https:\/\/www.specimensante.ca\/en\/careers\/\" \/>\n<meta property=\"og:site_name\" content=\"Sp\u00e9cimen Sant\u00e9\" \/>\n<meta property=\"article:modified_time\" content=\"2023-06-28T01:29:39+00:00\" \/>\n<meta property=\"og:image\" content=\"https:\/\/specimensante.ca\/wp-content\/uploads\/2023\/06\/carriere.jpg\" \/>\n<meta name=\"twitter:card\" content=\"summary_large_image\" \/>\n<script type=\"application\/ld+json\" class=\"yoast-schema-graph\">{\"@context\":\"https:\/\/schema.org\",\"@graph\":[{\"@type\":\"WebPage\",\"@id\":\"https:\/\/www.specimensante.ca\/en\/careers\/\",\"url\":\"https:\/\/www.specimensante.ca\/en\/careers\/\",\"name\":\"CAREERS - Sp\u00e9cimen Sant\u00e9\",\"isPartOf\":{\"@id\":\"https:\/\/www.specimensante.ca\/en\/#website\"},\"primaryImageOfPage\":{\"@id\":\"https:\/\/www.specimensante.ca\/en\/careers\/#primaryimage\"},\"image\":{\"@id\":\"https:\/\/www.specimensante.ca\/en\/careers\/#primaryimage\"},\"thumbnailUrl\":\"https:\/\/specimensante.ca\/wp-content\/uploads\/2023\/06\/carriere.jpg\",\"datePublished\":\"2023-06-06T02:15:54+00:00\",\"dateModified\":\"2023-06-28T01:29:39+00:00\",\"breadcrumb\":{\"@id\":\"https:\/\/www.specimensante.ca\/en\/careers\/#breadcrumb\"},\"inLanguage\":\"en-US\",\"potentialAction\":[{\"@type\":\"ReadAction\",\"target\":[\"https:\/\/www.specimensante.ca\/en\/careers\/\"]}]},{\"@type\":\"ImageObject\",\"inLanguage\":\"en-US\",\"@id\":\"https:\/\/www.specimensante.ca\/en\/careers\/#primaryimage\",\"url\":\"https:\/\/specimensante.ca\/wp-content\/uploads\/2023\/06\/carriere.jpg\",\"contentUrl\":\"https:\/\/specimensante.ca\/wp-content\/uploads\/2023\/06\/carriere.jpg\"},{\"@type\":\"BreadcrumbList\",\"@id\":\"https:\/\/www.specimensante.ca\/en\/careers\/#breadcrumb\",\"itemListElement\":[{\"@type\":\"ListItem\",\"position\":1,\"name\":\"Accueil\",\"item\":\"https:\/\/www.specimensante.ca\/en\/\"},{\"@type\":\"ListItem\",\"position\":2,\"name\":\"CAREERS\"}]},{\"@type\":\"WebSite\",\"@id\":\"https:\/\/www.specimensante.ca\/en\/#website\",\"url\":\"https:\/\/www.specimensante.ca\/en\/\",\"name\":\"Sp\u00e9cimen Sant\u00e9\",\"description\":\"SERVICE PROFESSIONNEL DE SOINS INFIRMIERS PRIV\u00c9S\",\"publisher\":{\"@id\":\"https:\/\/www.specimensante.ca\/en\/#organization\"},\"potentialAction\":[{\"@type\":\"SearchAction\",\"target\":{\"@type\":\"EntryPoint\",\"urlTemplate\":\"https:\/\/www.specimensante.ca\/en\/?s={search_term_string}\"},\"query-input\":{\"@type\":\"PropertyValueSpecification\",\"valueRequired\":true,\"valueName\":\"search_term_string\"}}],\"inLanguage\":\"en-US\"},{\"@type\":\"Organization\",\"@id\":\"https:\/\/www.specimensante.ca\/en\/#organization\",\"name\":\"Sp\u00e9cimen Sant\u00e9\",\"url\":\"https:\/\/www.specimensante.ca\/en\/\",\"logo\":{\"@type\":\"ImageObject\",\"inLanguage\":\"en-US\",\"@id\":\"https:\/\/www.specimensante.ca\/en\/#\/schema\/logo\/image\/\",\"url\":\"https:\/\/specimensante.ca\/wp-content\/uploads\/2021\/09\/logom.png\",\"contentUrl\":\"https:\/\/specimensante.ca\/wp-content\/uploads\/2021\/09\/logom.png\",\"width\":204,\"height\":203,\"caption\":\"Sp\u00e9cimen Sant\u00e9\"},\"image\":{\"@id\":\"https:\/\/www.specimensante.ca\/en\/#\/schema\/logo\/image\/\"}}]}<\/script>\n<!-- \/ Yoast SEO plugin. -->","yoast_head_json":{"title":"CAREERS - Sp\u00e9cimen Sant\u00e9","robots":{"index":"index","follow":"follow","max-snippet":"max-snippet:-1","max-image-preview":"max-image-preview:large","max-video-preview":"max-video-preview:-1"},"canonical":"https:\/\/www.specimensante.ca\/en\/careers\/","og_locale":"en_US","og_type":"article","og_title":"CAREERS - Sp\u00e9cimen Sant\u00e9","og_description":"CAREER Are you passionate about healthcare and want to make a difference in the lives of our customers? \u00a0 Join our team specialized in blood sampling. \u00a0 We offer a rewarding career opportunity in a dynamic environment. \u00a0 Discover the different positions available and contribute to the accomplishment of our MISSION in order to offer [&hellip;]","og_url":"https:\/\/www.specimensante.ca\/en\/careers\/","og_site_name":"Sp\u00e9cimen Sant\u00e9","article_modified_time":"2023-06-28T01:29:39+00:00","og_image":[{"url":"https:\/\/specimensante.ca\/wp-content\/uploads\/2023\/06\/carriere.jpg","type":"","width":"","height":""}],"twitter_card":"summary_large_image","schema":{"@context":"https:\/\/schema.org","@graph":[{"@type":"WebPage","@id":"https:\/\/www.specimensante.ca\/en\/careers\/","url":"https:\/\/www.specimensante.ca\/en\/careers\/","name":"CAREERS - Sp\u00e9cimen Sant\u00e9","isPartOf":{"@id":"https:\/\/www.specimensante.ca\/en\/#website"},"primaryImageOfPage":{"@id":"https:\/\/www.specimensante.ca\/en\/careers\/#primaryimage"},"image":{"@id":"https:\/\/www.specimensante.ca\/en\/careers\/#primaryimage"},"thumbnailUrl":"https:\/\/specimensante.ca\/wp-content\/uploads\/2023\/06\/carriere.jpg","datePublished":"2023-06-06T02:15:54+00:00","dateModified":"2023-06-28T01:29:39+00:00","breadcrumb":{"@id":"https:\/\/www.specimensante.ca\/en\/careers\/#breadcrumb"},"inLanguage":"en-US","potentialAction":[{"@type":"ReadAction","target":["https:\/\/www.specimensante.ca\/en\/careers\/"]}]},{"@type":"ImageObject","inLanguage":"en-US","@id":"https:\/\/www.specimensante.ca\/en\/careers\/#primaryimage","url":"https:\/\/specimensante.ca\/wp-content\/uploads\/2023\/06\/carriere.jpg","contentUrl":"https:\/\/specimensante.ca\/wp-content\/uploads\/2023\/06\/carriere.jpg"},{"@type":"BreadcrumbList","@id":"https:\/\/www.specimensante.ca\/en\/careers\/#breadcrumb","itemListElement":[{"@type":"ListItem","position":1,"name":"Accueil","item":"https:\/\/www.specimensante.ca\/en\/"},{"@type":"ListItem","position":2,"name":"CAREERS"}]},{"@type":"WebSite","@id":"https:\/\/www.specimensante.ca\/en\/#website","url":"https:\/\/www.specimensante.ca\/en\/","name":"Sp\u00e9cimen Sant\u00e9","description":"SERVICE PROFESSIONNEL DE SOINS INFIRMIERS PRIV\u00c9S","publisher":{"@id":"https:\/\/www.specimensante.ca\/en\/#organization"},"potentialAction":[{"@type":"SearchAction","target":{"@type":"EntryPoint","urlTemplate":"https:\/\/www.specimensante.ca\/en\/?s={search_term_string}"},"query-input":{"@type":"PropertyValueSpecification","valueRequired":true,"valueName":"search_term_string"}}],"inLanguage":"en-US"},{"@type":"Organization","@id":"https:\/\/www.specimensante.ca\/en\/#organization","name":"Sp\u00e9cimen Sant\u00e9","url":"https:\/\/www.specimensante.ca\/en\/","logo":{"@type":"ImageObject","inLanguage":"en-US","@id":"https:\/\/www.specimensante.ca\/en\/#\/schema\/logo\/image\/","url":"https:\/\/specimensante.ca\/wp-content\/uploads\/2021\/09\/logom.png","contentUrl":"https:\/\/specimensante.ca\/wp-content\/uploads\/2021\/09\/logom.png","width":204,"height":203,"caption":"Sp\u00e9cimen Sant\u00e9"},"image":{"@id":"https:\/\/www.specimensante.ca\/en\/#\/schema\/logo\/image\/"}}]}},"_links":{"self":[{"href":"https:\/\/www.specimensante.ca\/en\/wp-json\/wp\/v2\/pages\/8903","targetHints":{"allow":["GET"]}}],"collection":[{"href":"https:\/\/www.specimensante.ca\/en\/wp-json\/wp\/v2\/pages"}],"about":[{"href":"https:\/\/www.specimensante.ca\/en\/wp-json\/wp\/v2\/types\/page"}],"author":[{"embeddable":true,"href":"https:\/\/www.specimensante.ca\/en\/wp-json\/wp\/v2\/users\/1"}],"replies":[{"embeddable":true,"href":"https:\/\/www.specimensante.ca\/en\/wp-json\/wp\/v2\/comments?post=8903"}],"version-history":[{"count":13,"href":"https:\/\/www.specimensante.ca\/en\/wp-json\/wp\/v2\/pages\/8903\/revisions"}],"predecessor-version":[{"id":9449,"href":"https:\/\/www.specimensante.ca\/en\/wp-json\/wp\/v2\/pages\/8903\/revisions\/9449"}],"wp:attachment":[{"href":"https:\/\/www.specimensante.ca\/en\/wp-json\/wp\/v2\/media?parent=8903"}],"curies":[{"name":"wp","href":"https:\/\/api.w.org\/{rel}","templated":true}]}}