{"id":8902,"date":"2023-05-17T00:39:26","date_gmt":"2023-05-17T00:39:26","guid":{"rendered":"https:\/\/specimensante.ca\/biographie-josee-monchamp\/"},"modified":"2023-06-28T02:20:40","modified_gmt":"2023-06-28T02:20:40","slug":"biographie-josee-monchamp","status":"publish","type":"page","link":"https:\/\/www.specimensante.ca\/en\/biographie-josee-monchamp\/","title":{"rendered":"Biographie &#8211; Jos\u00e9e MONCHAMP"},"content":{"rendered":"\t\t<div data-elementor-type=\"wp-page\" data-elementor-id=\"8902\" class=\"elementor elementor-8902 elementor-4401\">\n\t\t\t\t\t\t<div class=\" elementor-section elementor-top-section elementor-element elementor-element-7959f2e elementor-section-full_width elementor-section-height-default elementor-section-height-default\" data-id=\"7959f2e\" data-element_type=\"section\">\r\n\t\t\t\t\t\t\t\t<div class=\"elementor-container elementor-column-gap-no\">\r\n\t\t\t\t\r\n\t\t\t\t\t\t\t\t<div class=\" elementor-column elementor-col-100 elementor-top-column elementor-element elementor-element-45b872d \" data-id=\"45b872d\" data-element_type=\"column\">\r\n\r\n\t\t\t\t\r\n\t\t\t\t<div class=\"elementor-widget-wrap elementor-element-populated\">\r\n\t\t\t\t\t\t\t\t\t\t\r\n\t\t\t\t\t\t<div class=\"elementor-element elementor-element-5a58b48 elementor-widget__width-auto elementor-absolute elementor-widget elementor-widget-image\" data-id=\"5a58b48\" data-element_type=\"widget\" data-settings=\"{&quot;_position&quot;:&quot;absolute&quot;}\" data-widget_type=\"image.default\">\n\t\t\t\t<div class=\"elementor-widget-container\">\n\t\t\t<style>\/*! elementor - v3.23.0 - 15-07-2024 *\/\n.elementor-widget-image{text-align:center}.elementor-widget-image a{display:inline-block}.elementor-widget-image a img[src$=\".svg\"]{width:48px}.elementor-widget-image img{vertical-align:middle;display:inline-block}<\/style>\t\t\t\t\t\t\t\t\t\t<img fetchpriority=\"high\" decoding=\"async\" width=\"437\" height=\"437\" src=\"https:\/\/www.specimensante.ca\/wp-content\/uploads\/2023\/05\/56_ecllipse-small.png\" class=\"attachment-full size-full wp-image-4492\" alt=\"\" \/>\t\t\t\t\t\t\t\t\t\t\t\t\t<\/div>\n\t\t\t\t<\/div>\n\t\t\t\t<div class=\"elementor-element elementor-element-5652412 elementor-absolute elementor-widget elementor-widget-image\" data-id=\"5652412\" data-element_type=\"widget\" data-settings=\"{&quot;_position&quot;:&quot;absolute&quot;}\" data-widget_type=\"image.default\">\n\t\t\t\t<div class=\"elementor-widget-container\">\n\t\t\t\t\t\t\t\t\t\t\t\t\t<img decoding=\"async\" width=\"1222\" height=\"1222\" src=\"https:\/\/www.specimensante.ca\/wp-content\/uploads\/2023\/05\/56_ecllipse.png\" class=\"attachment-full size-full wp-image-4490\" alt=\"\" srcset=\"https:\/\/www.specimensante.ca\/wp-content\/uploads\/2023\/05\/56_ecllipse.png 1222w, https:\/\/www.specimensante.ca\/wp-content\/uploads\/2023\/05\/56_ecllipse-1024x1024.png 1024w, https:\/\/www.specimensante.ca\/wp-content\/uploads\/2023\/05\/56_ecllipse-768x768.png 768w, https:\/\/www.specimensante.ca\/wp-content\/uploads\/2023\/05\/56_ecllipse-600x600.png 600w\" sizes=\"(max-width: 1222px) 100vw, 1222px\" \/>\t\t\t\t\t\t\t\t\t\t\t\t\t<\/div>\n\t\t\t\t<\/div>\n\t\t\t\t\t\t<\/div>\r\n\t\t\t\t<\/div>\r\n\t\t\t\t\t\t\t\t<\/div>\r\n\t\t\t<\/div>\r\n\t\t\t\t\t<section class=\" elementor-section elementor-top-section elementor-element elementor-element-7d33c3a elementor-section-boxed elementor-section-height-default elementor-section-height-default\" data-id=\"7d33c3a\" data-element_type=\"section\">\r\n\t\t\t\t\t\t\t\t<div class=\"elementor-container elementor-column-gap-default\">\r\n\t\t\t\t\r\n\t\t\t\t\t\t\t\t<div class=\" elementor-column elementor-col-100 elementor-top-column elementor-element elementor-element-11b84d7 \" data-id=\"11b84d7\" data-element_type=\"column\">\r\n\r\n\t\t\t\t\r\n\t\t\t\t<div class=\"elementor-widget-wrap\">\r\n\t\t\t\t\t\t\t\t\t\t\r\n\t\t\t\t\t\t\t\t<\/div>\r\n\t\t\t\t<\/div>\r\n\t\t\t\t\t\t\t\t<\/div>\r\n\t\t\t<\/section>\r\n\t\t\t\t\t<section class=\" elementor-section elementor-top-section elementor-element elementor-element-372969d elementor-section-boxed elementor-section-height-default elementor-section-height-default\" data-id=\"372969d\" data-element_type=\"section\">\r\n\t\t\t\t\t\t\t\t<div class=\"elementor-container elementor-column-gap-default\">\r\n\t\t\t\t\r\n\t\t\t\t\t\t\t\t<div class=\" elementor-column elementor-col-100 elementor-top-column elementor-element elementor-element-8245f25 \" data-id=\"8245f25\" data-element_type=\"column\">\r\n\r\n\t\t\t\t\r\n\t\t\t\t<div class=\"elementor-widget-wrap elementor-element-populated\">\r\n\t\t\t\t\t\t\t\t\t\t\r\n\t\t\t\t\t\t<section class=\" elementor-section elementor-inner-section elementor-element elementor-element-30872ed elementor-section-boxed elementor-section-height-default elementor-section-height-default\" data-id=\"30872ed\" data-element_type=\"section\">\r\n\t\t\t\t\t\t\t\t<div class=\"elementor-container elementor-column-gap-no\">\r\n\t\t\t\t\r\n\t\t\t\t\t\t\t\t<div class=\" elementor-column elementor-col-50 elementor-inner-column elementor-element elementor-element-2d07d76 animated-slow elementor-invisible \" data-id=\"2d07d76\" data-element_type=\"column\" data-settings=\"{&quot;animation&quot;:&quot;zoomIn&quot;}\">\r\n\r\n\t\t\t\t\r\n\t\t\t\t<div class=\"elementor-widget-wrap elementor-element-populated\">\r\n\t\t\t\t\t\t\t\t\t\t\r\n\t\t\t\t\t\t<div class=\"elementor-element elementor-element-0cc7b29 elementor-absolute elementor-widget elementor-widget-udesign_widget_banner elementor-widget-alpha_banner_stretch\" data-id=\"0cc7b29\" data-element_type=\"widget\" data-settings=\"{&quot;_position&quot;:&quot;absolute&quot;}\" data-widget_type=\"udesign_widget_banner.default\">\r\n\t\t\t\t<div class=\"elementor-widget-container\">\n\t\t\t<div class=\"banner banner-fixed banner-stretch\"><div class=\"banner-content t-mc\"><\/div><\/div>\t\t<\/div>\n\t\t\t\t<\/div>\n\t\t\t\t<div class=\"elementor-element elementor-element-30b06f6 e-transform elementor-widget elementor-widget-image\" data-id=\"30b06f6\" data-element_type=\"widget\" data-settings=\"{&quot;_transform_translateX_effect_hover&quot;:{&quot;unit&quot;:&quot;px&quot;,&quot;size&quot;:30,&quot;sizes&quot;:[]},&quot;_transform_translateX_effect_hover_laptop&quot;:{&quot;unit&quot;:&quot;px&quot;,&quot;size&quot;:&quot;&quot;,&quot;sizes&quot;:[]},&quot;_transform_translateX_effect_hover_tablet_extra&quot;:{&quot;unit&quot;:&quot;px&quot;,&quot;size&quot;:&quot;&quot;,&quot;sizes&quot;:[]},&quot;_transform_translateX_effect_hover_tablet&quot;:{&quot;unit&quot;:&quot;px&quot;,&quot;size&quot;:&quot;&quot;,&quot;sizes&quot;:[]},&quot;_transform_translateX_effect_hover_mobile&quot;:{&quot;unit&quot;:&quot;px&quot;,&quot;size&quot;:&quot;&quot;,&quot;sizes&quot;:[]},&quot;_transform_translateY_effect_hover&quot;:{&quot;unit&quot;:&quot;px&quot;,&quot;size&quot;:&quot;&quot;,&quot;sizes&quot;:[]},&quot;_transform_translateY_effect_hover_laptop&quot;:{&quot;unit&quot;:&quot;px&quot;,&quot;size&quot;:&quot;&quot;,&quot;sizes&quot;:[]},&quot;_transform_translateY_effect_hover_tablet_extra&quot;:{&quot;unit&quot;:&quot;px&quot;,&quot;size&quot;:&quot;&quot;,&quot;sizes&quot;:[]},&quot;_transform_translateY_effect_hover_tablet&quot;:{&quot;unit&quot;:&quot;px&quot;,&quot;size&quot;:&quot;&quot;,&quot;sizes&quot;:[]},&quot;_transform_translateY_effect_hover_mobile&quot;:{&quot;unit&quot;:&quot;px&quot;,&quot;size&quot;:&quot;&quot;,&quot;sizes&quot;:[]}}\" data-widget_type=\"image.default\">\n\t\t\t\t<div class=\"elementor-widget-container\">\n\t\t\t\t\t\t\t\t\t\t\t\t\t<img decoding=\"async\" width=\"640\" height=\"603\" src=\"https:\/\/www.specimensante.ca\/wp-content\/uploads\/2023\/06\/josee_bio.jpg\" class=\"attachment-full size-full wp-image-4893\" alt=\"\" srcset=\"https:\/\/www.specimensante.ca\/wp-content\/uploads\/2023\/06\/josee_bio.jpg 640w, https:\/\/www.specimensante.ca\/wp-content\/uploads\/2023\/06\/josee_bio-600x565.jpg 600w\" sizes=\"(max-width: 640px) 100vw, 640px\" \/>\t\t\t\t\t\t\t\t\t\t\t\t\t<\/div>\n\t\t\t\t<\/div>\n\t\t\t\t\t\t<\/div>\r\n\t\t\t\t<\/div>\r\n\t\t\t\t\t\t\t\t\t<div class=\" elementor-column elementor-col-50 elementor-inner-column elementor-element elementor-element-2d9679d \" data-id=\"2d9679d\" data-element_type=\"column\">\r\n\r\n\t\t\t\t\r\n\t\t\t\t<div class=\"elementor-widget-wrap elementor-element-populated\">\r\n\t\t\t\t\t\t\t\t\t\t\r\n\t\t\t\t\t\t<div class=\"elementor-element elementor-element-450e652 elementor-invisible elementor-widget elementor-widget-heading\" data-id=\"450e652\" data-element_type=\"widget\" data-settings=\"{&quot;_animation&quot;:&quot;fadeInLeftShorter&quot;}\" data-widget_type=\"heading.default\">\n\t\t\t\t<div class=\"elementor-widget-container\">\n\t\t\t<style>\/*! elementor - v3.23.0 - 15-07-2024 *\/\n.elementor-heading-title{padding:0;margin:0;line-height:1}.elementor-widget-heading .elementor-heading-title[class*=elementor-size-]>a{color:inherit;font-size:inherit;line-height:inherit}.elementor-widget-heading .elementor-heading-title.elementor-size-small{font-size:15px}.elementor-widget-heading .elementor-heading-title.elementor-size-medium{font-size:19px}.elementor-widget-heading .elementor-heading-title.elementor-size-large{font-size:29px}.elementor-widget-heading .elementor-heading-title.elementor-size-xl{font-size:39px}.elementor-widget-heading .elementor-heading-title.elementor-size-xxl{font-size:59px}<\/style><h1 class=\"elementor-heading-title elementor-size-default\">Jos\u00e9e MONCHAMP<\/h1>\t\t<\/div>\n\t\t\t\t<\/div>\n\t\t\t\t<div class=\"elementor-element elementor-element-e6e892f elementor-widget elementor-widget-text-editor\" data-id=\"e6e892f\" data-element_type=\"widget\" data-widget_type=\"text-editor.default\">\n\t\t\t\t<div class=\"elementor-widget-container\">\n\t\t\t<style>\/*! elementor - v3.23.0 - 15-07-2024 *\/\n.elementor-widget-text-editor.elementor-drop-cap-view-stacked .elementor-drop-cap{background-color:#69727d;color:#fff}.elementor-widget-text-editor.elementor-drop-cap-view-framed .elementor-drop-cap{color:#69727d;border:3px solid;background-color:transparent}.elementor-widget-text-editor:not(.elementor-drop-cap-view-default) .elementor-drop-cap{margin-top:8px}.elementor-widget-text-editor:not(.elementor-drop-cap-view-default) .elementor-drop-cap-letter{width:1em;height:1em}.elementor-widget-text-editor .elementor-drop-cap{float:left;text-align:center;line-height:1;font-size:50px}.elementor-widget-text-editor .elementor-drop-cap-letter{display:inline-block}<\/style>\t\t\t\t<p><strong><span style=\"letter-spacing: -0.14px;\">Owner \u00a0&#8211; General\u00a0<\/span><\/strong><span style=\"letter-spacing: -0.14px;\"><b>Manager<\/b><\/span><\/p><p>I was born in february 1975 and from a very young age I always had faith in something bigger than me. \u00a0I had a desire to change things for the better so that I could become an example. \u00a0I wanted to become a nurse.\u00a0<\/p><p>It was in 2005, I went back to school and graduated as an Auxiliary Nurse in 2007. \u00a0At the time, I wanted to acquire as much experience as possible in order to be able to support as many people as possible. \u00a0So, I decided to work with placement agencies across Quebec. \u00a0They allowed me to broaden my knowledge and my fields of expertise in the field of sampling. \u00a0<\/p><p>These agencies have also allowed me to have a good balance in life in order to be able to reconcile work and family, which has always been very important to me, to be present for my children.<\/p>\t\t\t\t\t\t<\/div>\n\t\t\t\t<\/div>\n\t\t\t\t\t\t<\/div>\r\n\t\t\t\t<\/div>\r\n\t\t\t\t\t\t\t\t<\/div>\r\n\t\t\t<\/section>\r\n\t\t\t\t\t<div class=\"elementor-element elementor-element-a586fdc elementor-widget elementor-widget-text-editor\" data-id=\"a586fdc\" data-element_type=\"widget\" data-widget_type=\"text-editor.default\">\n\t\t\t\t<div class=\"elementor-widget-container\">\n\t\t\t\t\t\t\t<p>2014, I moved to the Lower Laurentian&#8217;s and made my debut for a brand new agency <span style=\"color: #808080;\"><em>(X which I will keep anonymous out of respect)<\/em><\/span>.\u00a0<\/p><p>In 2015, after certain cuts in the hospital environment and knowing my skills in sampling, my superior suggested that I participate in the idea of offering a brand new:&#8221; Blood collection services&#8221; offered in pharmacies. \u00a0At the time, we had 1 pharmacy and we served about fifty customers per month. \u00a0We quickly noticed a growing need for this type of service <span style=\"color: #808080;\"><em>(given the significant congestion for public services).<\/em><\/span>\u00a0 And our deep desire to help an increasingly sick population. \u00a0I then developed a well-defined work structure as well as the planning of the training available for members of the pharmaceutical staff in order to be able to support customers in their various needs. \u00a0And a few years later, we had the privilege of being able to offer our services to several thousand people with increasingly growing health needs.<\/p><p>Throughout these years, I have worked closely with an extraordinary team that has supported me in times of my life when I was completely helpless. \u00a0It was during a forced sick leave following cancer that an important change took place: Closure of the Agency and end of our activities announced on July 31, 2022.<\/p><p>It is thank&#8217;s to the support of my colleagues, their loyalty and their dedication to me as well as the encouragement of my spouse that in May 2022, I took the entrepreneur training course with Entreprenariat Quebec. \u00a0This allowed me to be able to give birth to a &#8220;surprised baby&#8221; and founded SP\u00c9CIMEN Sant\u00e9 inc., on August 1, 2022. \u00a0With the vision of becoming THE reference in Quebec for blood samples.<\/p>\t\t\t\t\t\t<\/div>\n\t\t\t\t<\/div>\n\t\t\t\t\t\t<\/div>\r\n\t\t\t\t<\/div>\r\n\t\t\t\t\t\t\t\t<\/div>\r\n\t\t\t<\/section>\r\n\t\t\t\t\t<div class=\" elementor-section elementor-top-section elementor-element elementor-element-f74df11 elementor-section-content-middle mb-10 elementor-section-boxed elementor-section-height-default elementor-section-height-default\" data-id=\"f74df11\" data-element_type=\"section\" data-settings=\"{&quot;background_background&quot;:&quot;classic&quot;}\">\r\n\t\t\t\t\t\t\t\t<div class=\"elementor-container elementor-column-gap-default\">\r\n\t\t\t\t\r\n\t\t\t\t\t\t\t\t<div class=\" elementor-column elementor-col-100 elementor-top-column elementor-element elementor-element-f1630ea \" data-id=\"f1630ea\" data-element_type=\"column\">\r\n\r\n\t\t\t\t\r\n\t\t\t\t<div class=\"elementor-widget-wrap elementor-element-populated\">\r\n\t\t\t\t\t\t\t\t\t\t\r\n\t\t\t\t\t\t<div class=\"elementor-element elementor-element-c0c0fe3 mb-2 elementor-invisible elementor-widget elementor-widget-heading\" data-id=\"c0c0fe3\" data-element_type=\"widget\" data-settings=\"{&quot;_animation&quot;:&quot;fadeInUpShorter&quot;}\" data-widget_type=\"heading.default\">\n\t\t\t\t<div class=\"elementor-widget-container\">\n\t\t\t<h2 class=\"elementor-heading-title elementor-size-default\">T\u00e9moignage<\/h2>\t\t<\/div>\n\t\t\t\t<\/div>\n\t\t\t\t<div class=\"elementor-element elementor-element-63f3b0b elementor-view-default elementor-invisible elementor-widget elementor-widget-icon\" data-id=\"63f3b0b\" data-element_type=\"widget\" data-settings=\"{&quot;_animation&quot;:&quot;fadeInUpShorter&quot;,&quot;_animation_delay&quot;:400}\" data-widget_type=\"icon.default\">\n\t\t\t\t<div class=\"elementor-widget-container\">\n\t\t\t\t\t<div class=\"elementor-icon-wrapper\">\n\t\t\t<div class=\"elementor-icon\">\n\t\t\t<i aria-hidden=\"true\" class=\"  u-icon-quote\"><\/i>\t\t\t<\/div>\n\t\t<\/div>\n\t\t\t\t<\/div>\n\t\t\t\t<\/div>\n\t\t\t\t<div class=\"elementor-element elementor-element-f10ab7e elementor-invisible elementor-widget elementor-widget-heading\" data-id=\"f10ab7e\" data-element_type=\"widget\" data-settings=\"{&quot;_animation&quot;:&quot;fadeInUpShorter&quot;,&quot;_animation_delay&quot;:600}\" data-widget_type=\"heading.default\">\n\t\t\t\t<div class=\"elementor-widget-container\">\n\t\t\t<p class=\"elementor-heading-title elementor-size-default\">SP\u00c9CIMEN Sant\u00e9 is more than a business. &nbsp; It allows us to offer you a PART of our knowledge during your experience. &nbsp; At each of your visits, you will be entitled to a teaching SAMPLE that we offer you before your appointment so that you can have the best sample of blood on the day of the collection and thus obtain the best results that represent your Health at your next meeting with your doctor. &nbsp; We are a team that supports both in personal and professional life, it allows us to achieve a good balance and thus give you the best of us. &nbsp; SP\u00c9CIMEN Sant\u00e9 is an experience in itself! \n\nJos\u00e9e MONCHAMP<\/p>\t\t<\/div>\n\t\t\t\t<\/div>\n\t\t\t\t\t\t<\/div>\r\n\t\t\t\t<\/div>\r\n\t\t\t\t\t\t\t\t<\/div>\r\n\t\t\t<\/div>\r\n\t\t\t\t\t<\/div>\n\t\t","protected":false},"excerpt":{"rendered":"<p>Jos\u00e9e MONCHAMP Owner \u00a0&#8211; General\u00a0Manager I was born in february 1975 and from a very young age I always had faith in something bigger than me. \u00a0I had a desire to change things for the better so that I could become an example. \u00a0I wanted to become a nurse.\u00a0 It was in 2005, I went [&hellip;]<\/p>\n","protected":false},"author":1,"featured_media":0,"parent":0,"menu_order":0,"comment_status":"closed","ping_status":"closed","template":"","meta":{"om_disable_all_campaigns":false,"_monsterinsights_skip_tracking":false,"_monsterinsights_sitenote_active":false,"_monsterinsights_sitenote_note":"","_monsterinsights_sitenote_category":0,"footnotes":""},"class_list":["post-8902","page","type-page","status-publish","hentry"],"yoast_head":"<!-- This site is optimized with the Yoast SEO plugin v24.7 - https:\/\/yoast.com\/wordpress\/plugins\/seo\/ -->\n<title>Biographie - Jos\u00e9e MONCHAMP - Sp\u00e9cimen Sant\u00e9<\/title>\n<meta name=\"robots\" content=\"index, follow, max-snippet:-1, max-image-preview:large, max-video-preview:-1\" \/>\n<link rel=\"canonical\" href=\"https:\/\/www.specimensante.ca\/en\/biographie-josee-monchamp\/\" \/>\n<meta property=\"og:locale\" content=\"en_US\" \/>\n<meta property=\"og:type\" content=\"article\" \/>\n<meta property=\"og:title\" content=\"Biographie - Jos\u00e9e MONCHAMP - Sp\u00e9cimen Sant\u00e9\" \/>\n<meta property=\"og:description\" content=\"Jos\u00e9e MONCHAMP Owner \u00a0&#8211; General\u00a0Manager I was born in february 1975 and from a very young age I always had faith in something bigger than me. \u00a0I had a desire to change things for the better so that I could become an example. \u00a0I wanted to become a nurse.\u00a0 It was in 2005, I went [&hellip;]\" \/>\n<meta property=\"og:url\" content=\"https:\/\/www.specimensante.ca\/en\/biographie-josee-monchamp\/\" \/>\n<meta property=\"og:site_name\" content=\"Sp\u00e9cimen Sant\u00e9\" \/>\n<meta property=\"article:modified_time\" content=\"2023-06-28T02:20:40+00:00\" \/>\n<meta property=\"og:image\" content=\"https:\/\/specimensante.ca\/wp-content\/uploads\/2023\/05\/56_ecllipse-small.png\" \/>\n<meta name=\"twitter:card\" content=\"summary_large_image\" \/>\n<meta name=\"twitter:label1\" content=\"Est. reading time\" \/>\n\t<meta name=\"twitter:data1\" content=\"3 minutes\" \/>\n<script type=\"application\/ld+json\" class=\"yoast-schema-graph\">{\"@context\":\"https:\/\/schema.org\",\"@graph\":[{\"@type\":\"WebPage\",\"@id\":\"https:\/\/www.specimensante.ca\/en\/biographie-josee-monchamp\/\",\"url\":\"https:\/\/www.specimensante.ca\/en\/biographie-josee-monchamp\/\",\"name\":\"Biographie - Jos\u00e9e MONCHAMP - Sp\u00e9cimen Sant\u00e9\",\"isPartOf\":{\"@id\":\"https:\/\/www.specimensante.ca\/en\/#website\"},\"primaryImageOfPage\":{\"@id\":\"https:\/\/www.specimensante.ca\/en\/biographie-josee-monchamp\/#primaryimage\"},\"image\":{\"@id\":\"https:\/\/www.specimensante.ca\/en\/biographie-josee-monchamp\/#primaryimage\"},\"thumbnailUrl\":\"https:\/\/specimensante.ca\/wp-content\/uploads\/2023\/05\/56_ecllipse-small.png\",\"datePublished\":\"2023-05-17T00:39:26+00:00\",\"dateModified\":\"2023-06-28T02:20:40+00:00\",\"breadcrumb\":{\"@id\":\"https:\/\/www.specimensante.ca\/en\/biographie-josee-monchamp\/#breadcrumb\"},\"inLanguage\":\"en-US\",\"potentialAction\":[{\"@type\":\"ReadAction\",\"target\":[\"https:\/\/www.specimensante.ca\/en\/biographie-josee-monchamp\/\"]}]},{\"@type\":\"ImageObject\",\"inLanguage\":\"en-US\",\"@id\":\"https:\/\/www.specimensante.ca\/en\/biographie-josee-monchamp\/#primaryimage\",\"url\":\"https:\/\/specimensante.ca\/wp-content\/uploads\/2023\/05\/56_ecllipse-small.png\",\"contentUrl\":\"https:\/\/specimensante.ca\/wp-content\/uploads\/2023\/05\/56_ecllipse-small.png\"},{\"@type\":\"BreadcrumbList\",\"@id\":\"https:\/\/www.specimensante.ca\/en\/biographie-josee-monchamp\/#breadcrumb\",\"itemListElement\":[{\"@type\":\"ListItem\",\"position\":1,\"name\":\"Accueil\",\"item\":\"https:\/\/www.specimensante.ca\/en\/\"},{\"@type\":\"ListItem\",\"position\":2,\"name\":\"Biographie &#8211; Jos\u00e9e MONCHAMP\"}]},{\"@type\":\"WebSite\",\"@id\":\"https:\/\/www.specimensante.ca\/en\/#website\",\"url\":\"https:\/\/www.specimensante.ca\/en\/\",\"name\":\"Sp\u00e9cimen Sant\u00e9\",\"description\":\"SERVICE PROFESSIONNEL DE SOINS INFIRMIERS PRIV\u00c9S\",\"publisher\":{\"@id\":\"https:\/\/www.specimensante.ca\/en\/#organization\"},\"potentialAction\":[{\"@type\":\"SearchAction\",\"target\":{\"@type\":\"EntryPoint\",\"urlTemplate\":\"https:\/\/www.specimensante.ca\/en\/?s={search_term_string}\"},\"query-input\":{\"@type\":\"PropertyValueSpecification\",\"valueRequired\":true,\"valueName\":\"search_term_string\"}}],\"inLanguage\":\"en-US\"},{\"@type\":\"Organization\",\"@id\":\"https:\/\/www.specimensante.ca\/en\/#organization\",\"name\":\"Sp\u00e9cimen Sant\u00e9\",\"url\":\"https:\/\/www.specimensante.ca\/en\/\",\"logo\":{\"@type\":\"ImageObject\",\"inLanguage\":\"en-US\",\"@id\":\"https:\/\/www.specimensante.ca\/en\/#\/schema\/logo\/image\/\",\"url\":\"https:\/\/specimensante.ca\/wp-content\/uploads\/2021\/09\/logom.png\",\"contentUrl\":\"https:\/\/specimensante.ca\/wp-content\/uploads\/2021\/09\/logom.png\",\"width\":204,\"height\":203,\"caption\":\"Sp\u00e9cimen Sant\u00e9\"},\"image\":{\"@id\":\"https:\/\/www.specimensante.ca\/en\/#\/schema\/logo\/image\/\"}}]}<\/script>\n<!-- \/ Yoast SEO plugin. -->","yoast_head_json":{"title":"Biographie - Jos\u00e9e MONCHAMP - Sp\u00e9cimen Sant\u00e9","robots":{"index":"index","follow":"follow","max-snippet":"max-snippet:-1","max-image-preview":"max-image-preview:large","max-video-preview":"max-video-preview:-1"},"canonical":"https:\/\/www.specimensante.ca\/en\/biographie-josee-monchamp\/","og_locale":"en_US","og_type":"article","og_title":"Biographie - Jos\u00e9e MONCHAMP - Sp\u00e9cimen Sant\u00e9","og_description":"Jos\u00e9e MONCHAMP Owner \u00a0&#8211; General\u00a0Manager I was born in february 1975 and from a very young age I always had faith in something bigger than me. \u00a0I had a desire to change things for the better so that I could become an example. \u00a0I wanted to become a nurse.\u00a0 It was in 2005, I went [&hellip;]","og_url":"https:\/\/www.specimensante.ca\/en\/biographie-josee-monchamp\/","og_site_name":"Sp\u00e9cimen Sant\u00e9","article_modified_time":"2023-06-28T02:20:40+00:00","og_image":[{"url":"https:\/\/specimensante.ca\/wp-content\/uploads\/2023\/05\/56_ecllipse-small.png","type":"","width":"","height":""}],"twitter_card":"summary_large_image","twitter_misc":{"Est. reading time":"3 minutes"},"schema":{"@context":"https:\/\/schema.org","@graph":[{"@type":"WebPage","@id":"https:\/\/www.specimensante.ca\/en\/biographie-josee-monchamp\/","url":"https:\/\/www.specimensante.ca\/en\/biographie-josee-monchamp\/","name":"Biographie - Jos\u00e9e MONCHAMP - Sp\u00e9cimen Sant\u00e9","isPartOf":{"@id":"https:\/\/www.specimensante.ca\/en\/#website"},"primaryImageOfPage":{"@id":"https:\/\/www.specimensante.ca\/en\/biographie-josee-monchamp\/#primaryimage"},"image":{"@id":"https:\/\/www.specimensante.ca\/en\/biographie-josee-monchamp\/#primaryimage"},"thumbnailUrl":"https:\/\/specimensante.ca\/wp-content\/uploads\/2023\/05\/56_ecllipse-small.png","datePublished":"2023-05-17T00:39:26+00:00","dateModified":"2023-06-28T02:20:40+00:00","breadcrumb":{"@id":"https:\/\/www.specimensante.ca\/en\/biographie-josee-monchamp\/#breadcrumb"},"inLanguage":"en-US","potentialAction":[{"@type":"ReadAction","target":["https:\/\/www.specimensante.ca\/en\/biographie-josee-monchamp\/"]}]},{"@type":"ImageObject","inLanguage":"en-US","@id":"https:\/\/www.specimensante.ca\/en\/biographie-josee-monchamp\/#primaryimage","url":"https:\/\/specimensante.ca\/wp-content\/uploads\/2023\/05\/56_ecllipse-small.png","contentUrl":"https:\/\/specimensante.ca\/wp-content\/uploads\/2023\/05\/56_ecllipse-small.png"},{"@type":"BreadcrumbList","@id":"https:\/\/www.specimensante.ca\/en\/biographie-josee-monchamp\/#breadcrumb","itemListElement":[{"@type":"ListItem","position":1,"name":"Accueil","item":"https:\/\/www.specimensante.ca\/en\/"},{"@type":"ListItem","position":2,"name":"Biographie &#8211; Jos\u00e9e MONCHAMP"}]},{"@type":"WebSite","@id":"https:\/\/www.specimensante.ca\/en\/#website","url":"https:\/\/www.specimensante.ca\/en\/","name":"Sp\u00e9cimen Sant\u00e9","description":"SERVICE PROFESSIONNEL DE SOINS INFIRMIERS PRIV\u00c9S","publisher":{"@id":"https:\/\/www.specimensante.ca\/en\/#organization"},"potentialAction":[{"@type":"SearchAction","target":{"@type":"EntryPoint","urlTemplate":"https:\/\/www.specimensante.ca\/en\/?s={search_term_string}"},"query-input":{"@type":"PropertyValueSpecification","valueRequired":true,"valueName":"search_term_string"}}],"inLanguage":"en-US"},{"@type":"Organization","@id":"https:\/\/www.specimensante.ca\/en\/#organization","name":"Sp\u00e9cimen Sant\u00e9","url":"https:\/\/www.specimensante.ca\/en\/","logo":{"@type":"ImageObject","inLanguage":"en-US","@id":"https:\/\/www.specimensante.ca\/en\/#\/schema\/logo\/image\/","url":"https:\/\/specimensante.ca\/wp-content\/uploads\/2021\/09\/logom.png","contentUrl":"https:\/\/specimensante.ca\/wp-content\/uploads\/2021\/09\/logom.png","width":204,"height":203,"caption":"Sp\u00e9cimen Sant\u00e9"},"image":{"@id":"https:\/\/www.specimensante.ca\/en\/#\/schema\/logo\/image\/"}}]}},"_links":{"self":[{"href":"https:\/\/www.specimensante.ca\/en\/wp-json\/wp\/v2\/pages\/8902","targetHints":{"allow":["GET"]}}],"collection":[{"href":"https:\/\/www.specimensante.ca\/en\/wp-json\/wp\/v2\/pages"}],"about":[{"href":"https:\/\/www.specimensante.ca\/en\/wp-json\/wp\/v2\/types\/page"}],"author":[{"embeddable":true,"href":"https:\/\/www.specimensante.ca\/en\/wp-json\/wp\/v2\/users\/1"}],"replies":[{"embeddable":true,"href":"https:\/\/www.specimensante.ca\/en\/wp-json\/wp\/v2\/comments?post=8902"}],"version-history":[{"count":39,"href":"https:\/\/www.specimensante.ca\/en\/wp-json\/wp\/v2\/pages\/8902\/revisions"}],"predecessor-version":[{"id":9499,"href":"https:\/\/www.specimensante.ca\/en\/wp-json\/wp\/v2\/pages\/8902\/revisions\/9499"}],"wp:attachment":[{"href":"https:\/\/www.specimensante.ca\/en\/wp-json\/wp\/v2\/media?parent=8902"}],"curies":[{"name":"wp","href":"https:\/\/api.w.org\/{rel}","templated":true}]}}