{"id":8901,"date":"2023-06-06T01:27:54","date_gmt":"2023-06-06T01:27:54","guid":{"rendered":"https:\/\/specimensante.ca\/biographie-imane-jamikhi\/"},"modified":"2023-07-06T10:35:59","modified_gmt":"2023-07-06T10:35:59","slug":"biographie-imane-jamikhi","status":"publish","type":"page","link":"https:\/\/www.specimensante.ca\/en\/biographie-imane-jamikhi\/","title":{"rendered":"Biographie &#8211; Imane JAMIKHI"},"content":{"rendered":"\t\t<div data-elementor-type=\"wp-page\" data-elementor-id=\"8901\" class=\"elementor elementor-8901 elementor-4959\">\n\t\t\t\t\t\t<div class=\" elementor-section elementor-top-section elementor-element elementor-element-7959f2e elementor-section-full_width elementor-section-height-default elementor-section-height-default\" data-id=\"7959f2e\" data-element_type=\"section\">\r\n\t\t\t\t\t\t\t\t<div class=\"elementor-container elementor-column-gap-no\">\r\n\t\t\t\t\r\n\t\t\t\t\t\t\t\t<div class=\" elementor-column elementor-col-100 elementor-top-column elementor-element elementor-element-45b872d \" data-id=\"45b872d\" data-element_type=\"column\">\r\n\r\n\t\t\t\t\r\n\t\t\t\t<div class=\"elementor-widget-wrap elementor-element-populated\">\r\n\t\t\t\t\t\t\t\t\t\t\r\n\t\t\t\t\t\t<div class=\"elementor-element elementor-element-5a58b48 elementor-widget__width-auto elementor-absolute elementor-widget elementor-widget-image\" data-id=\"5a58b48\" data-element_type=\"widget\" data-settings=\"{&quot;_position&quot;:&quot;absolute&quot;}\" data-widget_type=\"image.default\">\n\t\t\t\t<div class=\"elementor-widget-container\">\n\t\t\t<style>\/*! elementor - v3.23.0 - 15-07-2024 *\/\n.elementor-widget-image{text-align:center}.elementor-widget-image a{display:inline-block}.elementor-widget-image a img[src$=\".svg\"]{width:48px}.elementor-widget-image img{vertical-align:middle;display:inline-block}<\/style>\t\t\t\t\t\t\t\t\t\t<img fetchpriority=\"high\" decoding=\"async\" width=\"437\" height=\"437\" src=\"https:\/\/www.specimensante.ca\/wp-content\/uploads\/2023\/05\/56_ecllipse-small.png\" class=\"attachment-full size-full wp-image-4492\" alt=\"\" \/>\t\t\t\t\t\t\t\t\t\t\t\t\t<\/div>\n\t\t\t\t<\/div>\n\t\t\t\t<div class=\"elementor-element elementor-element-5652412 elementor-absolute elementor-widget elementor-widget-image\" data-id=\"5652412\" data-element_type=\"widget\" data-settings=\"{&quot;_position&quot;:&quot;absolute&quot;}\" data-widget_type=\"image.default\">\n\t\t\t\t<div class=\"elementor-widget-container\">\n\t\t\t\t\t\t\t\t\t\t\t\t\t<img decoding=\"async\" width=\"1222\" height=\"1222\" src=\"https:\/\/www.specimensante.ca\/wp-content\/uploads\/2023\/05\/56_ecllipse.png\" class=\"attachment-full size-full wp-image-4490\" alt=\"\" srcset=\"https:\/\/www.specimensante.ca\/wp-content\/uploads\/2023\/05\/56_ecllipse.png 1222w, https:\/\/www.specimensante.ca\/wp-content\/uploads\/2023\/05\/56_ecllipse-1024x1024.png 1024w, https:\/\/www.specimensante.ca\/wp-content\/uploads\/2023\/05\/56_ecllipse-768x768.png 768w, https:\/\/www.specimensante.ca\/wp-content\/uploads\/2023\/05\/56_ecllipse-600x600.png 600w\" sizes=\"(max-width: 1222px) 100vw, 1222px\" \/>\t\t\t\t\t\t\t\t\t\t\t\t\t<\/div>\n\t\t\t\t<\/div>\n\t\t\t\t\t\t<\/div>\r\n\t\t\t\t<\/div>\r\n\t\t\t\t\t\t\t\t<\/div>\r\n\t\t\t<\/div>\r\n\t\t\t\t\t<section class=\" elementor-section elementor-top-section elementor-element elementor-element-7d33c3a elementor-section-boxed elementor-section-height-default elementor-section-height-default\" data-id=\"7d33c3a\" data-element_type=\"section\">\r\n\t\t\t\t\t\t\t\t<div class=\"elementor-container elementor-column-gap-default\">\r\n\t\t\t\t\r\n\t\t\t\t\t\t\t\t<div class=\" elementor-column elementor-col-100 elementor-top-column elementor-element elementor-element-11b84d7 \" data-id=\"11b84d7\" data-element_type=\"column\">\r\n\r\n\t\t\t\t\r\n\t\t\t\t<div class=\"elementor-widget-wrap\">\r\n\t\t\t\t\t\t\t\t\t\t\r\n\t\t\t\t\t\t\t\t<\/div>\r\n\t\t\t\t<\/div>\r\n\t\t\t\t\t\t\t\t<\/div>\r\n\t\t\t<\/section>\r\n\t\t\t\t\t<section class=\" elementor-section elementor-top-section elementor-element elementor-element-1858402 elementor-section-boxed elementor-section-height-default elementor-section-height-default\" data-id=\"1858402\" data-element_type=\"section\">\r\n\t\t\t\t\t\t\t\t<div class=\"elementor-container elementor-column-gap-default\">\r\n\t\t\t\t\r\n\t\t\t\t\t\t\t\t<div class=\" elementor-column elementor-col-100 elementor-top-column elementor-element elementor-element-e3d854c \" data-id=\"e3d854c\" data-element_type=\"column\">\r\n\r\n\t\t\t\t\r\n\t\t\t\t<div class=\"elementor-widget-wrap elementor-element-populated\">\r\n\t\t\t\t\t\t\t\t\t\t\r\n\t\t\t\t\t\t<section class=\" elementor-section elementor-inner-section elementor-element elementor-element-4cd46ef elementor-section-boxed elementor-section-height-default elementor-section-height-default\" data-id=\"4cd46ef\" data-element_type=\"section\">\r\n\t\t\t\t\t\t\t\t<div class=\"elementor-container elementor-column-gap-no\">\r\n\t\t\t\t\r\n\t\t\t\t\t\t\t\t<div class=\" elementor-column elementor-col-50 elementor-inner-column elementor-element elementor-element-264e02f animated-slow elementor-invisible \" data-id=\"264e02f\" data-element_type=\"column\" data-settings=\"{&quot;animation&quot;:&quot;zoomIn&quot;}\">\r\n\r\n\t\t\t\t\r\n\t\t\t\t<div class=\"elementor-widget-wrap elementor-element-populated\">\r\n\t\t\t\t\t\t\t\t\t\t\r\n\t\t\t\t\t\t<div class=\"elementor-element elementor-element-c1d3945 elementor-absolute elementor-widget elementor-widget-udesign_widget_banner elementor-widget-alpha_banner_stretch\" data-id=\"c1d3945\" data-element_type=\"widget\" data-settings=\"{&quot;_position&quot;:&quot;absolute&quot;}\" data-widget_type=\"udesign_widget_banner.default\">\r\n\t\t\t\t<div class=\"elementor-widget-container\">\n\t\t\t<div class=\"banner banner-fixed banner-stretch\"><div class=\"banner-content t-mc\"><\/div><\/div>\t\t<\/div>\n\t\t\t\t<\/div>\n\t\t\t\t<div class=\"elementor-element elementor-element-9c29c2f e-transform elementor-widget elementor-widget-image\" data-id=\"9c29c2f\" data-element_type=\"widget\" data-settings=\"{&quot;_transform_translateX_effect_hover&quot;:{&quot;unit&quot;:&quot;px&quot;,&quot;size&quot;:30,&quot;sizes&quot;:[]},&quot;_transform_translateX_effect_hover_laptop&quot;:{&quot;unit&quot;:&quot;px&quot;,&quot;size&quot;:&quot;&quot;,&quot;sizes&quot;:[]},&quot;_transform_translateX_effect_hover_tablet_extra&quot;:{&quot;unit&quot;:&quot;px&quot;,&quot;size&quot;:&quot;&quot;,&quot;sizes&quot;:[]},&quot;_transform_translateX_effect_hover_tablet&quot;:{&quot;unit&quot;:&quot;px&quot;,&quot;size&quot;:&quot;&quot;,&quot;sizes&quot;:[]},&quot;_transform_translateX_effect_hover_mobile&quot;:{&quot;unit&quot;:&quot;px&quot;,&quot;size&quot;:&quot;&quot;,&quot;sizes&quot;:[]},&quot;_transform_translateY_effect_hover&quot;:{&quot;unit&quot;:&quot;px&quot;,&quot;size&quot;:&quot;&quot;,&quot;sizes&quot;:[]},&quot;_transform_translateY_effect_hover_laptop&quot;:{&quot;unit&quot;:&quot;px&quot;,&quot;size&quot;:&quot;&quot;,&quot;sizes&quot;:[]},&quot;_transform_translateY_effect_hover_tablet_extra&quot;:{&quot;unit&quot;:&quot;px&quot;,&quot;size&quot;:&quot;&quot;,&quot;sizes&quot;:[]},&quot;_transform_translateY_effect_hover_tablet&quot;:{&quot;unit&quot;:&quot;px&quot;,&quot;size&quot;:&quot;&quot;,&quot;sizes&quot;:[]},&quot;_transform_translateY_effect_hover_mobile&quot;:{&quot;unit&quot;:&quot;px&quot;,&quot;size&quot;:&quot;&quot;,&quot;sizes&quot;:[]}}\" data-widget_type=\"image.default\">\n\t\t\t\t<div class=\"elementor-widget-container\">\n\t\t\t\t\t\t\t\t\t\t\t\t\t<img decoding=\"async\" width=\"504\" height=\"486\" src=\"https:\/\/www.specimensante.ca\/wp-content\/uploads\/2023\/06\/Capture-decran-le-2023-06-06-a-21.11.49.jpeg\" class=\"attachment-full size-full wp-image-5596\" alt=\"\" \/>\t\t\t\t\t\t\t\t\t\t\t\t\t<\/div>\n\t\t\t\t<\/div>\n\t\t\t\t\t\t<\/div>\r\n\t\t\t\t<\/div>\r\n\t\t\t\t\t\t\t\t\t<div class=\" elementor-column elementor-col-50 elementor-inner-column elementor-element elementor-element-60eb430 \" data-id=\"60eb430\" data-element_type=\"column\">\r\n\r\n\t\t\t\t\r\n\t\t\t\t<div class=\"elementor-widget-wrap elementor-element-populated\">\r\n\t\t\t\t\t\t\t\t\t\t\r\n\t\t\t\t\t\t<div class=\"elementor-element elementor-element-0ae8fdc elementor-invisible elementor-widget elementor-widget-heading\" data-id=\"0ae8fdc\" data-element_type=\"widget\" data-settings=\"{&quot;_animation&quot;:&quot;fadeInLeftShorter&quot;}\" data-widget_type=\"heading.default\">\n\t\t\t\t<div class=\"elementor-widget-container\">\n\t\t\t<style>\/*! elementor - v3.23.0 - 15-07-2024 *\/\n.elementor-heading-title{padding:0;margin:0;line-height:1}.elementor-widget-heading .elementor-heading-title[class*=elementor-size-]>a{color:inherit;font-size:inherit;line-height:inherit}.elementor-widget-heading .elementor-heading-title.elementor-size-small{font-size:15px}.elementor-widget-heading .elementor-heading-title.elementor-size-medium{font-size:19px}.elementor-widget-heading .elementor-heading-title.elementor-size-large{font-size:29px}.elementor-widget-heading .elementor-heading-title.elementor-size-xl{font-size:39px}.elementor-widget-heading .elementor-heading-title.elementor-size-xxl{font-size:59px}<\/style><h1 class=\"elementor-heading-title elementor-size-default\">Imane JAMIKHI<\/h1>\t\t<\/div>\n\t\t\t\t<\/div>\n\t\t\t\t<div class=\"elementor-element elementor-element-56f8ee8 elementor-widget elementor-widget-text-editor\" data-id=\"56f8ee8\" data-element_type=\"widget\" data-widget_type=\"text-editor.default\">\n\t\t\t\t<div class=\"elementor-widget-container\">\n\t\t\t<style>\/*! elementor - v3.23.0 - 15-07-2024 *\/\n.elementor-widget-text-editor.elementor-drop-cap-view-stacked .elementor-drop-cap{background-color:#69727d;color:#fff}.elementor-widget-text-editor.elementor-drop-cap-view-framed .elementor-drop-cap{color:#69727d;border:3px solid;background-color:transparent}.elementor-widget-text-editor:not(.elementor-drop-cap-view-default) .elementor-drop-cap{margin-top:8px}.elementor-widget-text-editor:not(.elementor-drop-cap-view-default) .elementor-drop-cap-letter{width:1em;height:1em}.elementor-widget-text-editor .elementor-drop-cap{float:left;text-align:center;line-height:1;font-size:50px}.elementor-widget-text-editor .elementor-drop-cap-letter{display:inline-block}<\/style>\t\t\t\t<p><strong>Executive Assistant &#8211; Head of Quality Department\u00a0<\/strong><\/p><p>I was born February 1979 and I am Moroccan origin. \u00a0I finished my studies with a Bachelor&#8217;s degree in Law and a MAster&#8217;s degree in Human Resources. \u00a0I then got married and we were lucky enough to have a child. \u00a0<\/p><p>Together, we immigrated to Canada in October 2010, when our daughter was only 18 mouths old. \u00a0I wanted to have a job that allowed me to reconcile work and family in order to be there for our daughter <span style=\"color: #808080;\"><em>(with was essential for me)<\/em><\/span>\u00a0and thus facilitate our integration into Quebec.<\/p><p>\u00a0<\/p>\t\t\t\t\t\t<\/div>\n\t\t\t\t<\/div>\n\t\t\t\t\t\t<\/div>\r\n\t\t\t\t<\/div>\r\n\t\t\t\t\t\t\t\t<\/div>\r\n\t\t\t<\/section>\r\n\t\t\t\t\t<div class=\"elementor-element elementor-element-36fba59 elementor-widget elementor-widget-text-editor\" data-id=\"36fba59\" data-element_type=\"widget\" data-widget_type=\"text-editor.default\">\n\t\t\t\t<div class=\"elementor-widget-container\">\n\t\t\t\t\t\t\t<p>In 2012, I was able to join a first personnel placement agency. \u00a0I was satisfied, I was getting closer to what I had studied for so many years and I had the privilege of working closely with professionals in such a noble fiels as Health. \u00a0In addition, it was a chance for me to be able to reconcile work and family. \u00a0<\/p><p>It has always been a pleasure to accompagne people in their distinct needs. \u00a0Whether by responding to the various requests for services, offering shifts to students or mothers to meet the needs of public or private institutions.\u00a0<\/p><p>So having the satisfaction of having made a difference in a person&#8217;s life.\u00a0<\/p><p>Today, Have more than 15 ans of experience <span style=\"color: #808080;\"><em>(including 9 years with Jos\u00e9e)<\/em><\/span> in customer service and for me it is the most exciting of services, that of being able to support customers with needs as important as \u00a0Health. \u00a0Listening to people, being there to assist them in these steps and help them find solutions to the various problems and to the most urgent situations. \u00a0This is for me the greatest satisfaction there is.<\/p>\t\t\t\t\t\t<\/div>\n\t\t\t\t<\/div>\n\t\t\t\t\t\t<\/div>\r\n\t\t\t\t<\/div>\r\n\t\t\t\t\t\t\t\t<\/div>\r\n\t\t\t<\/section>\r\n\t\t\t\t\t<\/div>\n\t\t","protected":false},"excerpt":{"rendered":"<p>Imane JAMIKHI Executive Assistant &#8211; Head of Quality Department\u00a0 I was born February 1979 and I am Moroccan origin. \u00a0I finished my studies with a Bachelor&#8217;s degree in Law and a MAster&#8217;s degree in Human Resources. \u00a0I then got married and we were lucky enough to have a child. \u00a0 Together, we immigrated to Canada [&hellip;]<\/p>\n","protected":false},"author":1,"featured_media":0,"parent":0,"menu_order":0,"comment_status":"closed","ping_status":"closed","template":"","meta":{"om_disable_all_campaigns":false,"_monsterinsights_skip_tracking":false,"_monsterinsights_sitenote_active":false,"_monsterinsights_sitenote_note":"","_monsterinsights_sitenote_category":0,"footnotes":""},"class_list":["post-8901","page","type-page","status-publish","hentry"],"yoast_head":"<!-- This site is optimized with the Yoast SEO plugin v24.7 - https:\/\/yoast.com\/wordpress\/plugins\/seo\/ -->\n<title>Biographie - Imane JAMIKHI - Sp\u00e9cimen Sant\u00e9<\/title>\n<meta name=\"robots\" content=\"index, follow, max-snippet:-1, max-image-preview:large, max-video-preview:-1\" \/>\n<link rel=\"canonical\" href=\"https:\/\/www.specimensante.ca\/en\/biographie-imane-jamikhi\/\" \/>\n<meta property=\"og:locale\" content=\"en_US\" \/>\n<meta property=\"og:type\" content=\"article\" \/>\n<meta property=\"og:title\" content=\"Biographie - Imane JAMIKHI - Sp\u00e9cimen Sant\u00e9\" \/>\n<meta property=\"og:description\" content=\"Imane JAMIKHI Executive Assistant &#8211; Head of Quality Department\u00a0 I was born February 1979 and I am Moroccan origin. \u00a0I finished my studies with a Bachelor&#8217;s degree in Law and a MAster&#8217;s degree in Human Resources. \u00a0I then got married and we were lucky enough to have a child. \u00a0 Together, we immigrated to Canada [&hellip;]\" \/>\n<meta property=\"og:url\" content=\"https:\/\/www.specimensante.ca\/en\/biographie-imane-jamikhi\/\" \/>\n<meta property=\"og:site_name\" content=\"Sp\u00e9cimen Sant\u00e9\" \/>\n<meta property=\"article:modified_time\" content=\"2023-07-06T10:35:59+00:00\" \/>\n<meta property=\"og:image\" content=\"https:\/\/specimensante.ca\/wp-content\/uploads\/2023\/05\/56_ecllipse-small.png\" \/>\n<meta name=\"twitter:card\" content=\"summary_large_image\" \/>\n<meta name=\"twitter:label1\" content=\"Est. reading time\" \/>\n\t<meta name=\"twitter:data1\" content=\"1 minute\" \/>\n<script type=\"application\/ld+json\" class=\"yoast-schema-graph\">{\"@context\":\"https:\/\/schema.org\",\"@graph\":[{\"@type\":\"WebPage\",\"@id\":\"https:\/\/www.specimensante.ca\/en\/biographie-imane-jamikhi\/\",\"url\":\"https:\/\/www.specimensante.ca\/en\/biographie-imane-jamikhi\/\",\"name\":\"Biographie - Imane JAMIKHI - Sp\u00e9cimen Sant\u00e9\",\"isPartOf\":{\"@id\":\"https:\/\/www.specimensante.ca\/en\/#website\"},\"primaryImageOfPage\":{\"@id\":\"https:\/\/www.specimensante.ca\/en\/biographie-imane-jamikhi\/#primaryimage\"},\"image\":{\"@id\":\"https:\/\/www.specimensante.ca\/en\/biographie-imane-jamikhi\/#primaryimage\"},\"thumbnailUrl\":\"https:\/\/specimensante.ca\/wp-content\/uploads\/2023\/05\/56_ecllipse-small.png\",\"datePublished\":\"2023-06-06T01:27:54+00:00\",\"dateModified\":\"2023-07-06T10:35:59+00:00\",\"breadcrumb\":{\"@id\":\"https:\/\/www.specimensante.ca\/en\/biographie-imane-jamikhi\/#breadcrumb\"},\"inLanguage\":\"en-US\",\"potentialAction\":[{\"@type\":\"ReadAction\",\"target\":[\"https:\/\/www.specimensante.ca\/en\/biographie-imane-jamikhi\/\"]}]},{\"@type\":\"ImageObject\",\"inLanguage\":\"en-US\",\"@id\":\"https:\/\/www.specimensante.ca\/en\/biographie-imane-jamikhi\/#primaryimage\",\"url\":\"https:\/\/specimensante.ca\/wp-content\/uploads\/2023\/05\/56_ecllipse-small.png\",\"contentUrl\":\"https:\/\/specimensante.ca\/wp-content\/uploads\/2023\/05\/56_ecllipse-small.png\"},{\"@type\":\"BreadcrumbList\",\"@id\":\"https:\/\/www.specimensante.ca\/en\/biographie-imane-jamikhi\/#breadcrumb\",\"itemListElement\":[{\"@type\":\"ListItem\",\"position\":1,\"name\":\"Accueil\",\"item\":\"https:\/\/www.specimensante.ca\/en\/\"},{\"@type\":\"ListItem\",\"position\":2,\"name\":\"Biographie &#8211; Imane JAMIKHI\"}]},{\"@type\":\"WebSite\",\"@id\":\"https:\/\/www.specimensante.ca\/en\/#website\",\"url\":\"https:\/\/www.specimensante.ca\/en\/\",\"name\":\"Sp\u00e9cimen Sant\u00e9\",\"description\":\"SERVICE PROFESSIONNEL DE SOINS INFIRMIERS PRIV\u00c9S\",\"publisher\":{\"@id\":\"https:\/\/www.specimensante.ca\/en\/#organization\"},\"potentialAction\":[{\"@type\":\"SearchAction\",\"target\":{\"@type\":\"EntryPoint\",\"urlTemplate\":\"https:\/\/www.specimensante.ca\/en\/?s={search_term_string}\"},\"query-input\":{\"@type\":\"PropertyValueSpecification\",\"valueRequired\":true,\"valueName\":\"search_term_string\"}}],\"inLanguage\":\"en-US\"},{\"@type\":\"Organization\",\"@id\":\"https:\/\/www.specimensante.ca\/en\/#organization\",\"name\":\"Sp\u00e9cimen Sant\u00e9\",\"url\":\"https:\/\/www.specimensante.ca\/en\/\",\"logo\":{\"@type\":\"ImageObject\",\"inLanguage\":\"en-US\",\"@id\":\"https:\/\/www.specimensante.ca\/en\/#\/schema\/logo\/image\/\",\"url\":\"https:\/\/specimensante.ca\/wp-content\/uploads\/2021\/09\/logom.png\",\"contentUrl\":\"https:\/\/specimensante.ca\/wp-content\/uploads\/2021\/09\/logom.png\",\"width\":204,\"height\":203,\"caption\":\"Sp\u00e9cimen Sant\u00e9\"},\"image\":{\"@id\":\"https:\/\/www.specimensante.ca\/en\/#\/schema\/logo\/image\/\"}}]}<\/script>\n<!-- \/ Yoast SEO plugin. -->","yoast_head_json":{"title":"Biographie - Imane JAMIKHI - Sp\u00e9cimen Sant\u00e9","robots":{"index":"index","follow":"follow","max-snippet":"max-snippet:-1","max-image-preview":"max-image-preview:large","max-video-preview":"max-video-preview:-1"},"canonical":"https:\/\/www.specimensante.ca\/en\/biographie-imane-jamikhi\/","og_locale":"en_US","og_type":"article","og_title":"Biographie - Imane JAMIKHI - Sp\u00e9cimen Sant\u00e9","og_description":"Imane JAMIKHI Executive Assistant &#8211; Head of Quality Department\u00a0 I was born February 1979 and I am Moroccan origin. \u00a0I finished my studies with a Bachelor&#8217;s degree in Law and a MAster&#8217;s degree in Human Resources. \u00a0I then got married and we were lucky enough to have a child. \u00a0 Together, we immigrated to Canada [&hellip;]","og_url":"https:\/\/www.specimensante.ca\/en\/biographie-imane-jamikhi\/","og_site_name":"Sp\u00e9cimen Sant\u00e9","article_modified_time":"2023-07-06T10:35:59+00:00","og_image":[{"url":"https:\/\/specimensante.ca\/wp-content\/uploads\/2023\/05\/56_ecllipse-small.png","type":"","width":"","height":""}],"twitter_card":"summary_large_image","twitter_misc":{"Est. reading time":"1 minute"},"schema":{"@context":"https:\/\/schema.org","@graph":[{"@type":"WebPage","@id":"https:\/\/www.specimensante.ca\/en\/biographie-imane-jamikhi\/","url":"https:\/\/www.specimensante.ca\/en\/biographie-imane-jamikhi\/","name":"Biographie - Imane JAMIKHI - Sp\u00e9cimen Sant\u00e9","isPartOf":{"@id":"https:\/\/www.specimensante.ca\/en\/#website"},"primaryImageOfPage":{"@id":"https:\/\/www.specimensante.ca\/en\/biographie-imane-jamikhi\/#primaryimage"},"image":{"@id":"https:\/\/www.specimensante.ca\/en\/biographie-imane-jamikhi\/#primaryimage"},"thumbnailUrl":"https:\/\/specimensante.ca\/wp-content\/uploads\/2023\/05\/56_ecllipse-small.png","datePublished":"2023-06-06T01:27:54+00:00","dateModified":"2023-07-06T10:35:59+00:00","breadcrumb":{"@id":"https:\/\/www.specimensante.ca\/en\/biographie-imane-jamikhi\/#breadcrumb"},"inLanguage":"en-US","potentialAction":[{"@type":"ReadAction","target":["https:\/\/www.specimensante.ca\/en\/biographie-imane-jamikhi\/"]}]},{"@type":"ImageObject","inLanguage":"en-US","@id":"https:\/\/www.specimensante.ca\/en\/biographie-imane-jamikhi\/#primaryimage","url":"https:\/\/specimensante.ca\/wp-content\/uploads\/2023\/05\/56_ecllipse-small.png","contentUrl":"https:\/\/specimensante.ca\/wp-content\/uploads\/2023\/05\/56_ecllipse-small.png"},{"@type":"BreadcrumbList","@id":"https:\/\/www.specimensante.ca\/en\/biographie-imane-jamikhi\/#breadcrumb","itemListElement":[{"@type":"ListItem","position":1,"name":"Accueil","item":"https:\/\/www.specimensante.ca\/en\/"},{"@type":"ListItem","position":2,"name":"Biographie &#8211; Imane JAMIKHI"}]},{"@type":"WebSite","@id":"https:\/\/www.specimensante.ca\/en\/#website","url":"https:\/\/www.specimensante.ca\/en\/","name":"Sp\u00e9cimen Sant\u00e9","description":"SERVICE PROFESSIONNEL DE SOINS INFIRMIERS PRIV\u00c9S","publisher":{"@id":"https:\/\/www.specimensante.ca\/en\/#organization"},"potentialAction":[{"@type":"SearchAction","target":{"@type":"EntryPoint","urlTemplate":"https:\/\/www.specimensante.ca\/en\/?s={search_term_string}"},"query-input":{"@type":"PropertyValueSpecification","valueRequired":true,"valueName":"search_term_string"}}],"inLanguage":"en-US"},{"@type":"Organization","@id":"https:\/\/www.specimensante.ca\/en\/#organization","name":"Sp\u00e9cimen Sant\u00e9","url":"https:\/\/www.specimensante.ca\/en\/","logo":{"@type":"ImageObject","inLanguage":"en-US","@id":"https:\/\/www.specimensante.ca\/en\/#\/schema\/logo\/image\/","url":"https:\/\/specimensante.ca\/wp-content\/uploads\/2021\/09\/logom.png","contentUrl":"https:\/\/specimensante.ca\/wp-content\/uploads\/2021\/09\/logom.png","width":204,"height":203,"caption":"Sp\u00e9cimen Sant\u00e9"},"image":{"@id":"https:\/\/www.specimensante.ca\/en\/#\/schema\/logo\/image\/"}}]}},"_links":{"self":[{"href":"https:\/\/www.specimensante.ca\/en\/wp-json\/wp\/v2\/pages\/8901","targetHints":{"allow":["GET"]}}],"collection":[{"href":"https:\/\/www.specimensante.ca\/en\/wp-json\/wp\/v2\/pages"}],"about":[{"href":"https:\/\/www.specimensante.ca\/en\/wp-json\/wp\/v2\/types\/page"}],"author":[{"embeddable":true,"href":"https:\/\/www.specimensante.ca\/en\/wp-json\/wp\/v2\/users\/1"}],"replies":[{"embeddable":true,"href":"https:\/\/www.specimensante.ca\/en\/wp-json\/wp\/v2\/comments?post=8901"}],"version-history":[{"count":3,"href":"https:\/\/www.specimensante.ca\/en\/wp-json\/wp\/v2\/pages\/8901\/revisions"}],"predecessor-version":[{"id":9269,"href":"https:\/\/www.specimensante.ca\/en\/wp-json\/wp\/v2\/pages\/8901\/revisions\/9269"}],"wp:attachment":[{"href":"https:\/\/www.specimensante.ca\/en\/wp-json\/wp\/v2\/media?parent=8901"}],"curies":[{"name":"wp","href":"https:\/\/api.w.org\/{rel}","templated":true}]}}