{"id":8900,"date":"2023-06-06T01:17:19","date_gmt":"2023-06-06T01:17:19","guid":{"rendered":"https:\/\/specimensante.ca\/biographie-chantal-demers\/"},"modified":"2023-06-27T02:55:27","modified_gmt":"2023-06-27T02:55:27","slug":"biographie-chantal-demers","status":"publish","type":"page","link":"https:\/\/www.specimensante.ca\/en\/biographie-chantal-demers\/","title":{"rendered":"Biographie &#8211; Chantal DEMERS"},"content":{"rendered":"\t\t<div data-elementor-type=\"wp-page\" data-elementor-id=\"8900\" class=\"elementor elementor-8900 elementor-4941\">\n\t\t\t\t\t\t<div class=\" elementor-section elementor-top-section elementor-element elementor-element-7959f2e elementor-section-full_width elementor-section-height-default elementor-section-height-default\" data-id=\"7959f2e\" data-element_type=\"section\">\r\n\t\t\t\t\t\t\t\t<div class=\"elementor-container elementor-column-gap-no\">\r\n\t\t\t\t\r\n\t\t\t\t\t\t\t\t<div class=\" elementor-column elementor-col-100 elementor-top-column elementor-element elementor-element-45b872d \" data-id=\"45b872d\" data-element_type=\"column\">\r\n\r\n\t\t\t\t\r\n\t\t\t\t<div class=\"elementor-widget-wrap elementor-element-populated\">\r\n\t\t\t\t\t\t\t\t\t\t\r\n\t\t\t\t\t\t<div class=\"elementor-element elementor-element-5a58b48 elementor-widget__width-auto elementor-absolute elementor-widget elementor-widget-image\" data-id=\"5a58b48\" data-element_type=\"widget\" data-settings=\"{&quot;_position&quot;:&quot;absolute&quot;}\" data-widget_type=\"image.default\">\n\t\t\t\t<div class=\"elementor-widget-container\">\n\t\t\t<style>\/*! elementor - v3.23.0 - 15-07-2024 *\/\n.elementor-widget-image{text-align:center}.elementor-widget-image a{display:inline-block}.elementor-widget-image a img[src$=\".svg\"]{width:48px}.elementor-widget-image img{vertical-align:middle;display:inline-block}<\/style>\t\t\t\t\t\t\t\t\t\t<img fetchpriority=\"high\" decoding=\"async\" width=\"437\" height=\"437\" src=\"https:\/\/www.specimensante.ca\/wp-content\/uploads\/2023\/05\/56_ecllipse-small.png\" class=\"attachment-full size-full wp-image-4492\" alt=\"\" \/>\t\t\t\t\t\t\t\t\t\t\t\t\t<\/div>\n\t\t\t\t<\/div>\n\t\t\t\t<div class=\"elementor-element elementor-element-5652412 elementor-absolute elementor-widget elementor-widget-image\" data-id=\"5652412\" data-element_type=\"widget\" data-settings=\"{&quot;_position&quot;:&quot;absolute&quot;}\" data-widget_type=\"image.default\">\n\t\t\t\t<div class=\"elementor-widget-container\">\n\t\t\t\t\t\t\t\t\t\t\t\t\t<img decoding=\"async\" width=\"1222\" height=\"1222\" src=\"https:\/\/www.specimensante.ca\/wp-content\/uploads\/2023\/05\/56_ecllipse.png\" class=\"attachment-full size-full wp-image-4490\" alt=\"\" srcset=\"https:\/\/www.specimensante.ca\/wp-content\/uploads\/2023\/05\/56_ecllipse.png 1222w, https:\/\/www.specimensante.ca\/wp-content\/uploads\/2023\/05\/56_ecllipse-1024x1024.png 1024w, https:\/\/www.specimensante.ca\/wp-content\/uploads\/2023\/05\/56_ecllipse-768x768.png 768w, https:\/\/www.specimensante.ca\/wp-content\/uploads\/2023\/05\/56_ecllipse-600x600.png 600w\" sizes=\"(max-width: 1222px) 100vw, 1222px\" \/>\t\t\t\t\t\t\t\t\t\t\t\t\t<\/div>\n\t\t\t\t<\/div>\n\t\t\t\t\t\t<\/div>\r\n\t\t\t\t<\/div>\r\n\t\t\t\t\t\t\t\t<\/div>\r\n\t\t\t<\/div>\r\n\t\t\t\t\t<section class=\" elementor-section elementor-top-section elementor-element elementor-element-7d33c3a elementor-section-boxed elementor-section-height-default elementor-section-height-default\" data-id=\"7d33c3a\" data-element_type=\"section\">\r\n\t\t\t\t\t\t\t\t<div class=\"elementor-container elementor-column-gap-default\">\r\n\t\t\t\t\r\n\t\t\t\t\t\t\t\t<div class=\" elementor-column elementor-col-100 elementor-top-column elementor-element elementor-element-11b84d7 \" data-id=\"11b84d7\" data-element_type=\"column\">\r\n\r\n\t\t\t\t\r\n\t\t\t\t<div class=\"elementor-widget-wrap\">\r\n\t\t\t\t\t\t\t\t\t\t\r\n\t\t\t\t\t\t\t\t<\/div>\r\n\t\t\t\t<\/div>\r\n\t\t\t\t\t\t\t\t<\/div>\r\n\t\t\t<\/section>\r\n\t\t\t\t\t<section class=\" elementor-section elementor-top-section elementor-element elementor-element-1858402 elementor-section-boxed elementor-section-height-default elementor-section-height-default\" data-id=\"1858402\" data-element_type=\"section\">\r\n\t\t\t\t\t\t\t\t<div class=\"elementor-container elementor-column-gap-default\">\r\n\t\t\t\t\r\n\t\t\t\t\t\t\t\t<div class=\" elementor-column elementor-col-100 elementor-top-column elementor-element elementor-element-e3d854c \" data-id=\"e3d854c\" data-element_type=\"column\">\r\n\r\n\t\t\t\t\r\n\t\t\t\t<div class=\"elementor-widget-wrap elementor-element-populated\">\r\n\t\t\t\t\t\t\t\t\t\t\r\n\t\t\t\t\t\t<section class=\" elementor-section elementor-inner-section elementor-element elementor-element-4cd46ef elementor-section-boxed elementor-section-height-default elementor-section-height-default\" data-id=\"4cd46ef\" data-element_type=\"section\">\r\n\t\t\t\t\t\t\t\t<div class=\"elementor-container elementor-column-gap-no\">\r\n\t\t\t\t\r\n\t\t\t\t\t\t\t\t<div class=\" elementor-column elementor-col-50 elementor-inner-column elementor-element elementor-element-264e02f animated-slow elementor-invisible \" data-id=\"264e02f\" data-element_type=\"column\" data-settings=\"{&quot;animation&quot;:&quot;zoomIn&quot;}\">\r\n\r\n\t\t\t\t\r\n\t\t\t\t<div class=\"elementor-widget-wrap elementor-element-populated\">\r\n\t\t\t\t\t\t\t\t\t\t\r\n\t\t\t\t\t\t<div class=\"elementor-element elementor-element-c1d3945 elementor-absolute elementor-widget elementor-widget-udesign_widget_banner elementor-widget-alpha_banner_stretch\" data-id=\"c1d3945\" data-element_type=\"widget\" data-settings=\"{&quot;_position&quot;:&quot;absolute&quot;}\" data-widget_type=\"udesign_widget_banner.default\">\r\n\t\t\t\t<div class=\"elementor-widget-container\">\n\t\t\t<div class=\"banner banner-fixed banner-stretch\"><div class=\"banner-content t-mc\"><\/div><\/div>\t\t<\/div>\n\t\t\t\t<\/div>\n\t\t\t\t<div class=\"elementor-element elementor-element-9c29c2f e-transform elementor-widget elementor-widget-image\" data-id=\"9c29c2f\" data-element_type=\"widget\" data-settings=\"{&quot;_transform_translateX_effect_hover&quot;:{&quot;unit&quot;:&quot;px&quot;,&quot;size&quot;:30,&quot;sizes&quot;:[]},&quot;_transform_translateX_effect_hover_laptop&quot;:{&quot;unit&quot;:&quot;px&quot;,&quot;size&quot;:&quot;&quot;,&quot;sizes&quot;:[]},&quot;_transform_translateX_effect_hover_tablet_extra&quot;:{&quot;unit&quot;:&quot;px&quot;,&quot;size&quot;:&quot;&quot;,&quot;sizes&quot;:[]},&quot;_transform_translateX_effect_hover_tablet&quot;:{&quot;unit&quot;:&quot;px&quot;,&quot;size&quot;:&quot;&quot;,&quot;sizes&quot;:[]},&quot;_transform_translateX_effect_hover_mobile&quot;:{&quot;unit&quot;:&quot;px&quot;,&quot;size&quot;:&quot;&quot;,&quot;sizes&quot;:[]},&quot;_transform_translateY_effect_hover&quot;:{&quot;unit&quot;:&quot;px&quot;,&quot;size&quot;:&quot;&quot;,&quot;sizes&quot;:[]},&quot;_transform_translateY_effect_hover_laptop&quot;:{&quot;unit&quot;:&quot;px&quot;,&quot;size&quot;:&quot;&quot;,&quot;sizes&quot;:[]},&quot;_transform_translateY_effect_hover_tablet_extra&quot;:{&quot;unit&quot;:&quot;px&quot;,&quot;size&quot;:&quot;&quot;,&quot;sizes&quot;:[]},&quot;_transform_translateY_effect_hover_tablet&quot;:{&quot;unit&quot;:&quot;px&quot;,&quot;size&quot;:&quot;&quot;,&quot;sizes&quot;:[]},&quot;_transform_translateY_effect_hover_mobile&quot;:{&quot;unit&quot;:&quot;px&quot;,&quot;size&quot;:&quot;&quot;,&quot;sizes&quot;:[]}}\" data-widget_type=\"image.default\">\n\t\t\t\t<div class=\"elementor-widget-container\">\n\t\t\t\t\t\t\t\t\t\t\t\t\t<img decoding=\"async\" width=\"640\" height=\"603\" src=\"https:\/\/www.specimensante.ca\/wp-content\/uploads\/2023\/06\/cd.jpg\" class=\"attachment-full size-full wp-image-4955\" alt=\"\" srcset=\"https:\/\/www.specimensante.ca\/wp-content\/uploads\/2023\/06\/cd.jpg 640w, https:\/\/www.specimensante.ca\/wp-content\/uploads\/2023\/06\/cd-600x565.jpg 600w\" sizes=\"(max-width: 640px) 100vw, 640px\" \/>\t\t\t\t\t\t\t\t\t\t\t\t\t<\/div>\n\t\t\t\t<\/div>\n\t\t\t\t\t\t<\/div>\r\n\t\t\t\t<\/div>\r\n\t\t\t\t\t\t\t\t\t<div class=\" elementor-column elementor-col-50 elementor-inner-column elementor-element elementor-element-60eb430 \" data-id=\"60eb430\" data-element_type=\"column\">\r\n\r\n\t\t\t\t\r\n\t\t\t\t<div class=\"elementor-widget-wrap elementor-element-populated\">\r\n\t\t\t\t\t\t\t\t\t\t\r\n\t\t\t\t\t\t<div class=\"elementor-element elementor-element-0ae8fdc elementor-invisible elementor-widget elementor-widget-heading\" data-id=\"0ae8fdc\" data-element_type=\"widget\" data-settings=\"{&quot;_animation&quot;:&quot;fadeInLeftShorter&quot;}\" data-widget_type=\"heading.default\">\n\t\t\t\t<div class=\"elementor-widget-container\">\n\t\t\t<style>\/*! elementor - v3.23.0 - 15-07-2024 *\/\n.elementor-heading-title{padding:0;margin:0;line-height:1}.elementor-widget-heading .elementor-heading-title[class*=elementor-size-]>a{color:inherit;font-size:inherit;line-height:inherit}.elementor-widget-heading .elementor-heading-title.elementor-size-small{font-size:15px}.elementor-widget-heading .elementor-heading-title.elementor-size-medium{font-size:19px}.elementor-widget-heading .elementor-heading-title.elementor-size-large{font-size:29px}.elementor-widget-heading .elementor-heading-title.elementor-size-xl{font-size:39px}.elementor-widget-heading .elementor-heading-title.elementor-size-xxl{font-size:59px}<\/style><h1 class=\"elementor-heading-title elementor-size-default\">Chantal DEMERS<\/h1>\t\t<\/div>\n\t\t\t\t<\/div>\n\t\t\t\t<div class=\"elementor-element elementor-element-56f8ee8 elementor-widget elementor-widget-text-editor\" data-id=\"56f8ee8\" data-element_type=\"widget\" data-widget_type=\"text-editor.default\">\n\t\t\t\t<div class=\"elementor-widget-container\">\n\t\t\t<style>\/*! elementor - v3.23.0 - 15-07-2024 *\/\n.elementor-widget-text-editor.elementor-drop-cap-view-stacked .elementor-drop-cap{background-color:#69727d;color:#fff}.elementor-widget-text-editor.elementor-drop-cap-view-framed .elementor-drop-cap{color:#69727d;border:3px solid;background-color:transparent}.elementor-widget-text-editor:not(.elementor-drop-cap-view-default) .elementor-drop-cap{margin-top:8px}.elementor-widget-text-editor:not(.elementor-drop-cap-view-default) .elementor-drop-cap-letter{width:1em;height:1em}.elementor-widget-text-editor .elementor-drop-cap{float:left;text-align:center;line-height:1;font-size:50px}.elementor-widget-text-editor .elementor-drop-cap-letter{display:inline-block}<\/style>\t\t\t\t<p><strong>Auxiliary Nurse &#8211; Specialized in samples\u00a0<\/strong><\/p><p>I was born in february 1979, of loving parents who gave me the values that I cherish today. \u00a0<\/p><p><span style=\"color: var( --e-global-color-c1e90a6 ); background-color: var(--alpha-page-wrapper-bg-color); letter-spacing: var(--alpha-body-letter-spacing); text-transform: var(--alpha-body-text-transform);\">It was in 1996, at the end of my high school, the course of life led me to work in a medical clinic as a receptionist and I stayed there for a dog 15 years.<\/span><\/p><p>It was after having held several positions at the clinic as well as working with doctors and nurses that the medical community appealed to me. \u00a0 So, I decided to go back to school and graduated as a Practical Nurse in October 2010. \u00a0I worked at the clinic as agreed and I was on fire!! \u00a0 I loved my profession, and I love working!\u00a0<\/p>\t\t\t\t\t\t<\/div>\n\t\t\t\t<\/div>\n\t\t\t\t\t\t<\/div>\r\n\t\t\t\t<\/div>\r\n\t\t\t\t\t\t\t\t<\/div>\r\n\t\t\t<\/section>\r\n\t\t\t\t\t<div class=\"elementor-element elementor-element-36fba59 elementor-widget elementor-widget-text-editor\" data-id=\"36fba59\" data-element_type=\"widget\" data-widget_type=\"text-editor.default\">\n\t\t\t\t<div class=\"elementor-widget-container\">\n\t\t\t\t\t\t\t<p><span style=\"font-weight: 400;\">Then came COVID in December 2019 and teleworking. &nbsp; No need to elaborate!! &nbsp; After a while, the clinic was preparing ur for an eventual return to full-time <span style=\"color: #808080;\"><em>(face-to-face)<\/em><\/span> work, so I was determined to find a job that could suit my vision for the future while respecting my values and that could allow more flexibility.&nbsp;<\/span><span style=\"font-weight: 400;\">&nbsp;<\/span><\/p>\n<p><span style=\"font-weight: 400;\">It was in June 2020 that I accepted a new position as a Practical Nurse at home and in pharmacies. &nbsp; Jos\u00e9e was my immediate superior at the time. &nbsp; From the very beginning, Jos\u00e9e knew, in her own way, she accompanied me in my personal journey and she allowed me to acquire excellent professional skills. &nbsp; She has become a mentor to me.&nbsp;<\/span><\/p>\n<p><span style=\"font-weight: 400;\">Ir was by force of circumstances that in January 2022, I was able to demonstrate my skills in the management of various sampling clinics in order to be able to support Jos\u00e9e during her recovery. &nbsp;<\/span><\/p>\n<p><span style=\"font-weight: 400;\">It was on August 1, 2022 that I had the privilege of being part of the brand new SP\u00c9CIMEN Sant\u00e9 team!! &nbsp; It is an honour to be able to support our clients in the various trials of life and above all, to be part of an extraordinary team which is led by an exceptional woman.<\/span><\/p>\n<p>Thank you life!!&nbsp;<\/p>\t\t\t\t\t\t<\/div>\n\t\t\t\t<\/div>\n\t\t\t\t\t\t<\/div>\r\n\t\t\t\t<\/div>\r\n\t\t\t\t\t\t\t\t<\/div>\r\n\t\t\t<\/section>\r\n\t\t\t\t\t<\/div>\n\t\t","protected":false},"excerpt":{"rendered":"<p>Chantal DEMERS Auxiliary Nurse &#8211; Specialized in samples\u00a0 I was born in february 1979, of loving parents who gave me the values that I cherish today. \u00a0 It was in 1996, at the end of my high school, the course of life led me to work in a medical clinic as a receptionist and I [&hellip;]<\/p>\n","protected":false},"author":1,"featured_media":0,"parent":0,"menu_order":0,"comment_status":"closed","ping_status":"closed","template":"","meta":{"om_disable_all_campaigns":false,"_monsterinsights_skip_tracking":false,"_monsterinsights_sitenote_active":false,"_monsterinsights_sitenote_note":"","_monsterinsights_sitenote_category":0,"footnotes":""},"class_list":["post-8900","page","type-page","status-publish","hentry"],"yoast_head":"<!-- This site is optimized with the Yoast SEO plugin v24.7 - https:\/\/yoast.com\/wordpress\/plugins\/seo\/ -->\n<title>Biographie - Chantal DEMERS - Sp\u00e9cimen Sant\u00e9<\/title>\n<meta name=\"robots\" content=\"index, follow, max-snippet:-1, max-image-preview:large, max-video-preview:-1\" \/>\n<link rel=\"canonical\" href=\"https:\/\/www.specimensante.ca\/en\/biographie-chantal-demers\/\" \/>\n<meta property=\"og:locale\" content=\"en_US\" \/>\n<meta property=\"og:type\" content=\"article\" \/>\n<meta property=\"og:title\" content=\"Biographie - Chantal DEMERS - Sp\u00e9cimen Sant\u00e9\" \/>\n<meta property=\"og:description\" content=\"Chantal DEMERS Auxiliary Nurse &#8211; Specialized in samples\u00a0 I was born in february 1979, of loving parents who gave me the values that I cherish today. \u00a0 It was in 1996, at the end of my high school, the course of life led me to work in a medical clinic as a receptionist and I [&hellip;]\" \/>\n<meta property=\"og:url\" content=\"https:\/\/www.specimensante.ca\/en\/biographie-chantal-demers\/\" \/>\n<meta property=\"og:site_name\" content=\"Sp\u00e9cimen Sant\u00e9\" \/>\n<meta property=\"article:modified_time\" content=\"2023-06-27T02:55:27+00:00\" \/>\n<meta property=\"og:image\" content=\"https:\/\/specimensante.ca\/wp-content\/uploads\/2023\/05\/56_ecllipse-small.png\" \/>\n<meta name=\"twitter:card\" content=\"summary_large_image\" \/>\n<meta name=\"twitter:label1\" content=\"Est. reading time\" \/>\n\t<meta name=\"twitter:data1\" content=\"2 minutes\" \/>\n<script type=\"application\/ld+json\" class=\"yoast-schema-graph\">{\"@context\":\"https:\/\/schema.org\",\"@graph\":[{\"@type\":\"WebPage\",\"@id\":\"https:\/\/www.specimensante.ca\/en\/biographie-chantal-demers\/\",\"url\":\"https:\/\/www.specimensante.ca\/en\/biographie-chantal-demers\/\",\"name\":\"Biographie - Chantal DEMERS - Sp\u00e9cimen Sant\u00e9\",\"isPartOf\":{\"@id\":\"https:\/\/www.specimensante.ca\/en\/#website\"},\"primaryImageOfPage\":{\"@id\":\"https:\/\/www.specimensante.ca\/en\/biographie-chantal-demers\/#primaryimage\"},\"image\":{\"@id\":\"https:\/\/www.specimensante.ca\/en\/biographie-chantal-demers\/#primaryimage\"},\"thumbnailUrl\":\"https:\/\/specimensante.ca\/wp-content\/uploads\/2023\/05\/56_ecllipse-small.png\",\"datePublished\":\"2023-06-06T01:17:19+00:00\",\"dateModified\":\"2023-06-27T02:55:27+00:00\",\"breadcrumb\":{\"@id\":\"https:\/\/www.specimensante.ca\/en\/biographie-chantal-demers\/#breadcrumb\"},\"inLanguage\":\"en-US\",\"potentialAction\":[{\"@type\":\"ReadAction\",\"target\":[\"https:\/\/www.specimensante.ca\/en\/biographie-chantal-demers\/\"]}]},{\"@type\":\"ImageObject\",\"inLanguage\":\"en-US\",\"@id\":\"https:\/\/www.specimensante.ca\/en\/biographie-chantal-demers\/#primaryimage\",\"url\":\"https:\/\/specimensante.ca\/wp-content\/uploads\/2023\/05\/56_ecllipse-small.png\",\"contentUrl\":\"https:\/\/specimensante.ca\/wp-content\/uploads\/2023\/05\/56_ecllipse-small.png\"},{\"@type\":\"BreadcrumbList\",\"@id\":\"https:\/\/www.specimensante.ca\/en\/biographie-chantal-demers\/#breadcrumb\",\"itemListElement\":[{\"@type\":\"ListItem\",\"position\":1,\"name\":\"Accueil\",\"item\":\"https:\/\/www.specimensante.ca\/en\/\"},{\"@type\":\"ListItem\",\"position\":2,\"name\":\"Biographie &#8211; Chantal DEMERS\"}]},{\"@type\":\"WebSite\",\"@id\":\"https:\/\/www.specimensante.ca\/en\/#website\",\"url\":\"https:\/\/www.specimensante.ca\/en\/\",\"name\":\"Sp\u00e9cimen Sant\u00e9\",\"description\":\"SERVICE PROFESSIONNEL DE SOINS INFIRMIERS PRIV\u00c9S\",\"publisher\":{\"@id\":\"https:\/\/www.specimensante.ca\/en\/#organization\"},\"potentialAction\":[{\"@type\":\"SearchAction\",\"target\":{\"@type\":\"EntryPoint\",\"urlTemplate\":\"https:\/\/www.specimensante.ca\/en\/?s={search_term_string}\"},\"query-input\":{\"@type\":\"PropertyValueSpecification\",\"valueRequired\":true,\"valueName\":\"search_term_string\"}}],\"inLanguage\":\"en-US\"},{\"@type\":\"Organization\",\"@id\":\"https:\/\/www.specimensante.ca\/en\/#organization\",\"name\":\"Sp\u00e9cimen Sant\u00e9\",\"url\":\"https:\/\/www.specimensante.ca\/en\/\",\"logo\":{\"@type\":\"ImageObject\",\"inLanguage\":\"en-US\",\"@id\":\"https:\/\/www.specimensante.ca\/en\/#\/schema\/logo\/image\/\",\"url\":\"https:\/\/specimensante.ca\/wp-content\/uploads\/2021\/09\/logom.png\",\"contentUrl\":\"https:\/\/specimensante.ca\/wp-content\/uploads\/2021\/09\/logom.png\",\"width\":204,\"height\":203,\"caption\":\"Sp\u00e9cimen Sant\u00e9\"},\"image\":{\"@id\":\"https:\/\/www.specimensante.ca\/en\/#\/schema\/logo\/image\/\"}}]}<\/script>\n<!-- \/ Yoast SEO plugin. -->","yoast_head_json":{"title":"Biographie - Chantal DEMERS - Sp\u00e9cimen Sant\u00e9","robots":{"index":"index","follow":"follow","max-snippet":"max-snippet:-1","max-image-preview":"max-image-preview:large","max-video-preview":"max-video-preview:-1"},"canonical":"https:\/\/www.specimensante.ca\/en\/biographie-chantal-demers\/","og_locale":"en_US","og_type":"article","og_title":"Biographie - Chantal DEMERS - Sp\u00e9cimen Sant\u00e9","og_description":"Chantal DEMERS Auxiliary Nurse &#8211; Specialized in samples\u00a0 I was born in february 1979, of loving parents who gave me the values that I cherish today. \u00a0 It was in 1996, at the end of my high school, the course of life led me to work in a medical clinic as a receptionist and I [&hellip;]","og_url":"https:\/\/www.specimensante.ca\/en\/biographie-chantal-demers\/","og_site_name":"Sp\u00e9cimen Sant\u00e9","article_modified_time":"2023-06-27T02:55:27+00:00","og_image":[{"url":"https:\/\/specimensante.ca\/wp-content\/uploads\/2023\/05\/56_ecllipse-small.png","type":"","width":"","height":""}],"twitter_card":"summary_large_image","twitter_misc":{"Est. reading time":"2 minutes"},"schema":{"@context":"https:\/\/schema.org","@graph":[{"@type":"WebPage","@id":"https:\/\/www.specimensante.ca\/en\/biographie-chantal-demers\/","url":"https:\/\/www.specimensante.ca\/en\/biographie-chantal-demers\/","name":"Biographie - Chantal DEMERS - Sp\u00e9cimen Sant\u00e9","isPartOf":{"@id":"https:\/\/www.specimensante.ca\/en\/#website"},"primaryImageOfPage":{"@id":"https:\/\/www.specimensante.ca\/en\/biographie-chantal-demers\/#primaryimage"},"image":{"@id":"https:\/\/www.specimensante.ca\/en\/biographie-chantal-demers\/#primaryimage"},"thumbnailUrl":"https:\/\/specimensante.ca\/wp-content\/uploads\/2023\/05\/56_ecllipse-small.png","datePublished":"2023-06-06T01:17:19+00:00","dateModified":"2023-06-27T02:55:27+00:00","breadcrumb":{"@id":"https:\/\/www.specimensante.ca\/en\/biographie-chantal-demers\/#breadcrumb"},"inLanguage":"en-US","potentialAction":[{"@type":"ReadAction","target":["https:\/\/www.specimensante.ca\/en\/biographie-chantal-demers\/"]}]},{"@type":"ImageObject","inLanguage":"en-US","@id":"https:\/\/www.specimensante.ca\/en\/biographie-chantal-demers\/#primaryimage","url":"https:\/\/specimensante.ca\/wp-content\/uploads\/2023\/05\/56_ecllipse-small.png","contentUrl":"https:\/\/specimensante.ca\/wp-content\/uploads\/2023\/05\/56_ecllipse-small.png"},{"@type":"BreadcrumbList","@id":"https:\/\/www.specimensante.ca\/en\/biographie-chantal-demers\/#breadcrumb","itemListElement":[{"@type":"ListItem","position":1,"name":"Accueil","item":"https:\/\/www.specimensante.ca\/en\/"},{"@type":"ListItem","position":2,"name":"Biographie &#8211; Chantal DEMERS"}]},{"@type":"WebSite","@id":"https:\/\/www.specimensante.ca\/en\/#website","url":"https:\/\/www.specimensante.ca\/en\/","name":"Sp\u00e9cimen Sant\u00e9","description":"SERVICE PROFESSIONNEL DE SOINS INFIRMIERS PRIV\u00c9S","publisher":{"@id":"https:\/\/www.specimensante.ca\/en\/#organization"},"potentialAction":[{"@type":"SearchAction","target":{"@type":"EntryPoint","urlTemplate":"https:\/\/www.specimensante.ca\/en\/?s={search_term_string}"},"query-input":{"@type":"PropertyValueSpecification","valueRequired":true,"valueName":"search_term_string"}}],"inLanguage":"en-US"},{"@type":"Organization","@id":"https:\/\/www.specimensante.ca\/en\/#organization","name":"Sp\u00e9cimen Sant\u00e9","url":"https:\/\/www.specimensante.ca\/en\/","logo":{"@type":"ImageObject","inLanguage":"en-US","@id":"https:\/\/www.specimensante.ca\/en\/#\/schema\/logo\/image\/","url":"https:\/\/specimensante.ca\/wp-content\/uploads\/2021\/09\/logom.png","contentUrl":"https:\/\/specimensante.ca\/wp-content\/uploads\/2021\/09\/logom.png","width":204,"height":203,"caption":"Sp\u00e9cimen Sant\u00e9"},"image":{"@id":"https:\/\/www.specimensante.ca\/en\/#\/schema\/logo\/image\/"}}]}},"_links":{"self":[{"href":"https:\/\/www.specimensante.ca\/en\/wp-json\/wp\/v2\/pages\/8900","targetHints":{"allow":["GET"]}}],"collection":[{"href":"https:\/\/www.specimensante.ca\/en\/wp-json\/wp\/v2\/pages"}],"about":[{"href":"https:\/\/www.specimensante.ca\/en\/wp-json\/wp\/v2\/types\/page"}],"author":[{"embeddable":true,"href":"https:\/\/www.specimensante.ca\/en\/wp-json\/wp\/v2\/users\/1"}],"replies":[{"embeddable":true,"href":"https:\/\/www.specimensante.ca\/en\/wp-json\/wp\/v2\/comments?post=8900"}],"version-history":[{"count":15,"href":"https:\/\/www.specimensante.ca\/en\/wp-json\/wp\/v2\/pages\/8900\/revisions"}],"predecessor-version":[{"id":9290,"href":"https:\/\/www.specimensante.ca\/en\/wp-json\/wp\/v2\/pages\/8900\/revisions\/9290"}],"wp:attachment":[{"href":"https:\/\/www.specimensante.ca\/en\/wp-json\/wp\/v2\/media?parent=8900"}],"curies":[{"name":"wp","href":"https:\/\/api.w.org\/{rel}","templated":true}]}}